{"id":116,"date":"2018-02-20T10:40:42","date_gmt":"2018-02-20T09:40:42","guid":{"rendered":"http:\/\/www.bellesimagesphotographies.com\/?page_id=116"},"modified":"2024-11-30T00:00:56","modified_gmt":"2024-11-29T23:00:56","slug":"poisson-patrick","status":"publish","type":"page","link":"https:\/\/www.bellesimagesphotographies.com\/index.php\/les-membres\/poisson-patrick\/","title":{"rendered":"Poisson Patrick"},"content":{"rendered":"<blockquote><p>Membre depuis 1987 des Belles Images.<br \/>\nSa simplicit\u00e9 et sa modestie sont aussi l\u00e9gendaires que sa ma\u00eetrise du noir et blanc. Qualifi\u00e9 par tous comme le photographe le plus dou\u00e9 de notre club et de sa g\u00e9n\u00e9ration, son talent d\u00e9borde largement les fronti\u00e8res des Belles Images; puisque ses photographies dament ais\u00e9ment le pion \u00e0 certaines horreurs que l\u2019on voit accroch\u00e9es sur certaines cimaises parisiennes. Patrick s&rsquo;av\u00e8re \u00eatre en tous cas comme celui qui poss\u00e8de une vision \u00e9tonnante des choses simples, assez malicieux pour en retirer l\u2019essence et cr\u00e9er ainsi une photographie attachante et \u00e9mouvante.<\/p><\/blockquote>\n\n\n\n<table id=\"tablepress-31\" class=\"tablepress tablepress-id-31\">\n<thead>\n<tr class=\"row-1\">\n\t<th class=\"column-1\"><a href=\"https:\/\/www.bellesimagesphotographies.com\/index.php\/image\/pp-voyage-vietnamien\/\">PP \u2013 VOYAGE VIETNAMIEN<\/a><\/th><td class=\"column-2\"><\/td><td class=\"column-3\"><\/td><td class=\"column-4\"><\/td><td class=\"column-5\"><\/td>\n<\/tr>\n<\/thead>\n<tbody class=\"row-striping row-hover\">\n<tr class=\"row-2\">\n\t<td class=\"column-1\"><\/td><td class=\"column-2\"><\/td><td class=\"column-3\"><\/td><td class=\"column-4\"><\/td><td class=\"column-5\"><\/td>\n<\/tr>\n<tr class=\"row-3\">\n\t<td class=\"column-1\"><\/td><td class=\"column-2\"><\/td><td class=\"column-3\"><\/td><td class=\"column-4\"><\/td><td class=\"column-5\"><\/td>\n<\/tr>\n<tr class=\"row-4\">\n\t<td class=\"column-1\"><\/td><td class=\"column-2\"><\/td><td class=\"column-3\"><\/td><td class=\"column-4\"><\/td><td class=\"column-5\"><\/td>\n<\/tr>\n<tr class=\"row-5\">\n\t<td class=\"column-1\"><\/td><td class=\"column-2\"><\/td><td class=\"column-3\"><\/td><td class=\"column-4\"><\/td><td class=\"column-5\"><\/td>\n<\/tr>\n<\/tbody>\n<\/table>\n<!-- #tablepress-31 from cache -->\n\n\n\n<p><\/p>\n","protected":false},"excerpt":{"rendered":"<p>Membre depuis 1987 des Belles Images. Sa simplicit\u00e9 et sa modestie sont aussi l\u00e9gendaires que sa ma\u00eetrise du noir et blanc. Qualifi\u00e9 par tous comme le photographe le plus dou\u00e9 de notre club et de sa g\u00e9n\u00e9ration, son talent d\u00e9borde largement les fronti\u00e8res des Belles Images; puisque ses photographies dament ais\u00e9ment le pion \u00e0 certaines [&hellip;]<\/p>\n","protected":false},"author":1,"featured_media":0,"parent":30,"menu_order":0,"comment_status":"closed","ping_status":"closed","template":"","meta":{"footnotes":""},"class_list":["post-116","page","type-page","status-publish","hentry"],"_links":{"self":[{"href":"https:\/\/www.bellesimagesphotographies.com\/index.php\/wp-json\/wp\/v2\/pages\/116","targetHints":{"allow":["GET"]}}],"collection":[{"href":"https:\/\/www.bellesimagesphotographies.com\/index.php\/wp-json\/wp\/v2\/pages"}],"about":[{"href":"https:\/\/www.bellesimagesphotographies.com\/index.php\/wp-json\/wp\/v2\/types\/page"}],"author":[{"embeddable":true,"href":"https:\/\/www.bellesimagesphotographies.com\/index.php\/wp-json\/wp\/v2\/users\/1"}],"replies":[{"embeddable":true,"href":"https:\/\/www.bellesimagesphotographies.com\/index.php\/wp-json\/wp\/v2\/comments?post=116"}],"version-history":[{"count":3,"href":"https:\/\/www.bellesimagesphotographies.com\/index.php\/wp-json\/wp\/v2\/pages\/116\/revisions"}],"predecessor-version":[{"id":10958,"href":"https:\/\/www.bellesimagesphotographies.com\/index.php\/wp-json\/wp\/v2\/pages\/116\/revisions\/10958"}],"up":[{"embeddable":true,"href":"https:\/\/www.bellesimagesphotographies.com\/index.php\/wp-json\/wp\/v2\/pages\/30"}],"wp:attachment":[{"href":"https:\/\/www.bellesimagesphotographies.com\/index.php\/wp-json\/wp\/v2\/media?parent=116"}],"curies":[{"name":"wp","href":"https:\/\/api.w.org\/{rel}","templated":true}]}}