{"id":119,"date":"2018-02-20T10:41:19","date_gmt":"2018-02-20T09:41:19","guid":{"rendered":"http:\/\/www.bellesimagesphotographies.com\/?page_id=119"},"modified":"2023-01-28T15:10:06","modified_gmt":"2023-01-28T14:10:06","slug":"saraiva-walter","status":"publish","type":"page","link":"https:\/\/www.bellesimagesphotographies.com\/index.php\/les-membres\/saraiva-walter\/","title":{"rendered":"Saraiva Walter"},"content":{"rendered":"\n<table id=\"tablepress-3\" class=\"tablepress tablepress-id-3\">\n<tbody class=\"row-striping row-hover\">\n<tr class=\"row-1\">\n\t<td class=\"column-1\"><a href=\"http:\/\/www.bellesimagesphotographies.com\/index.php\/ws-mode\/\">Mode<\/a><\/td><td class=\"column-2\"><a href=\"http:\/\/www.bellesimagesphotographies.com\/index.php\/ws-zombies\/\">Zombies<\/a><\/td>\n<\/tr>\n<tr class=\"row-2\">\n\t<td class=\"column-1\"><a href=\"http:\/\/www.bellesimagesphotographies.com\/index.php\/ws-sport\/\">Sport<\/a><\/td><td class=\"column-2\"><a href=\"http:\/\/www.bellesimagesphotographies.com\/index.php\/ws-manifestations\/\">Manifestations<\/a><\/td>\n<\/tr>\n<tr class=\"row-3\">\n\t<td class=\"column-1\"><a href=\"http:\/\/www.bellesimagesphotographies.com\/index.php\/ws-carnaval\/\">Carnaval<\/a><\/td><td class=\"column-2\"><a href=\"http:\/\/www.bellesimagesphotographies.com\/index.php\/ws-hiver\/\">Hiver<\/a><\/td>\n<\/tr>\n<tr class=\"row-4\">\n\t<td class=\"column-1\"><a href=\"http:\/\/www.bellesimagesphotographies.com\/index.php\/ws-chantiers\/\">Chantiers<\/a><\/td><td class=\"column-2\"><\/td>\n<\/tr>\n<\/tbody>\n<\/table>\n<!-- #tablepress-3 from cache -->\n<p><em>Membre du club des belles images depuis 2015, je suis aussi collaborateur occasionnel de notre revue BELLES IMAGES PHOTOGRAPHIES. Le reportage a ma pr\u00e9f\u00e9rence, m\u00eame si je ne refuse pas un beau portrait ou un paysage !<\/em><\/p>\n<p><em>Bien qu&rsquo;admiratif de sacr\u00e9s personnages tels que Garry Winogrand ou Weegee, mes influences viennent de ma passion du cin\u00e9ma (ayant \u00e9t\u00e9 projectionniste pendant de nombreuses ann\u00e9es) \u00e0 travers les travaux de Janusz Kaminski ou encore Darius Khondji.<\/em><\/p>\n<div class=\"flickr-justified-gallery-error\"><span style=\"color:red\">Flickr API error: <\/span><span class=\"flickr-justified-gallery-error-msg\">Invalid API Key (Key has invalid format)<\/span><\/div>\n","protected":false},"excerpt":{"rendered":"<p>Membre du club des belles images depuis 2015, je suis aussi collaborateur occasionnel de notre revue BELLES IMAGES PHOTOGRAPHIES. Le reportage a ma pr\u00e9f\u00e9rence, m\u00eame si je ne refuse pas un beau portrait ou un paysage ! Bien qu&rsquo;admiratif de sacr\u00e9s personnages tels que Garry Winogrand ou Weegee, mes influences viennent de ma passion du [&hellip;]<\/p>\n","protected":false},"author":12,"featured_media":0,"parent":30,"menu_order":0,"comment_status":"closed","ping_status":"closed","template":"","meta":{"footnotes":""},"class_list":["post-119","page","type-page","status-publish","hentry"],"_links":{"self":[{"href":"https:\/\/www.bellesimagesphotographies.com\/index.php\/wp-json\/wp\/v2\/pages\/119","targetHints":{"allow":["GET"]}}],"collection":[{"href":"https:\/\/www.bellesimagesphotographies.com\/index.php\/wp-json\/wp\/v2\/pages"}],"about":[{"href":"https:\/\/www.bellesimagesphotographies.com\/index.php\/wp-json\/wp\/v2\/types\/page"}],"author":[{"embeddable":true,"href":"https:\/\/www.bellesimagesphotographies.com\/index.php\/wp-json\/wp\/v2\/users\/12"}],"replies":[{"embeddable":true,"href":"https:\/\/www.bellesimagesphotographies.com\/index.php\/wp-json\/wp\/v2\/comments?post=119"}],"version-history":[{"count":5,"href":"https:\/\/www.bellesimagesphotographies.com\/index.php\/wp-json\/wp\/v2\/pages\/119\/revisions"}],"predecessor-version":[{"id":7459,"href":"https:\/\/www.bellesimagesphotographies.com\/index.php\/wp-json\/wp\/v2\/pages\/119\/revisions\/7459"}],"up":[{"embeddable":true,"href":"https:\/\/www.bellesimagesphotographies.com\/index.php\/wp-json\/wp\/v2\/pages\/30"}],"wp:attachment":[{"href":"https:\/\/www.bellesimagesphotographies.com\/index.php\/wp-json\/wp\/v2\/media?parent=119"}],"curies":[{"name":"wp","href":"https:\/\/api.w.org\/{rel}","templated":true}]}}