{"id":2,"date":"2018-02-17T20:00:24","date_gmt":"2018-02-17T19:00:24","guid":{"rendered":"http:\/\/bellesimagesphotographies.com\/?page_id=2"},"modified":"2025-10-11T21:55:52","modified_gmt":"2025-10-11T19:55:52","slug":"presentation","status":"publish","type":"page","link":"https:\/\/www.bellesimagesphotographies.com\/index.php\/presentation\/","title":{"rendered":"Pr\u00e9sentation"},"content":{"rendered":"<p>Vous voulez rencontrer des gens qui partagent votre passion, alors d\u00e8s aujourd\u2019hui, n\u2019h\u00e9sitez pas \u00e0 visiter r\u00e9guli\u00e8rement notre site.<\/p>\n<p>Vous y serez \u00e9merveill\u00e9s par les belles images r\u00e9alis\u00e9es par nos adh\u00e9rents, des photos plus sensationnelles que celles de \u00ab\u00a0Voici\u00a0\u00bb, vous d\u00e9couvrirez l\u2019existence de notre bulletin photo \u00ab\u00a0Belles images photographies\u00a0\u00bb o\u00f9 l\u2019on ne s\u2019endort pas \u00e0 la lecture d\u00e8s la deuxi\u00e8me page. Ce bulletin est diffus\u00e9 dans tout le milieu photographique et est appr\u00e9ci\u00e9 par beaucoup, sauf par les grincheux! Exemplaire gratuit sur demande.<\/p>\n<p style=\"text-align: center;\">\u2014\u2014\u2014\u2014\u2014\u2014\u2014\u2014\u2014\u2014\u2014\u2014\u2014\u2014\u2014\u2014\u2014\u2014\u2014\u2014\u2014\u2014\u2014\u2014\u2014\u2014\u2013<\/p>\n<blockquote>\n<p>Le Club des Belles Images de Sarcelles a \u00e9t\u00e9 cr\u00e9\u00e9 en 1971 par des amoureux de la photographie, Fran\u00e7oise et Ren\u00e9 Lezy, Guy Bernard, Serge Faure et quelques autres. Ils voulaient prouver qu\u2019\u00e0 Sarcelles, ville unanimement d\u00e9cri\u00e9e car \u00e9tant la premi\u00e8re banlieue en France \u00e0 compter des HLM, la culture et la passion pouvaient aussi fleurir parmi le b\u00e9ton.<\/p>\n<\/blockquote>\n<p>Au cours de ces \u2013 presque \u2013 54 ans, le Club des Belles Images avec ses diff\u00e9rents membres a poursuivi avec des hauts et des bas une politique volontariste en faveur de la photographie.<\/p>\n<p>Amener la photographie \u00e0 des gens dont la pr\u00e9occupation premi\u00e8re n\u2019est pas la photographie \u2013 Ah ! Les vicissitudes de la vie moderne, travail, transports, fatigue, stress, etc. \u2013 en organisant de nombreuses manifestations artistiques et culturelles.<\/p>\n<p>Salons, expositions, participation de notre club \u00e0 la vie locale et aux f\u00eates de quartier, en montant par exemple un studio et tirer le portait des habitants de la cit\u00e9. En dispensant b\u00e9n\u00e9volement aussi des cours photo aux jeunes.<\/p>\n<p>Notre club a compt\u00e9 d\u2019\u00e9minents membres tels que Xavier Zimbardo ou Caroline Feyt, aujourd\u2019hui photographes de renom.<\/p>\n<p>Nous organisons souvent aussi des soir\u00e9es rencontres avec des photographes reconnus, Claude Dityvon, Eve Morcrette, Frances Dal Chale ou moins connus qui viennent pr\u00e9senter leurs photographies et parler avec ferveur de leurs images, en toute amiti\u00e9.<\/p>\n<blockquote>\n<p>Depuis 5 ans, nous publions \u00e9galement un petit journal de photographie, un fanzine photocopi\u00e9 qui s\u2019intitule BELLES IMAGES PHOTOGRAPHIES et qui a \u00e9t\u00e9 mentionn\u00e9 dans \u00ab\u00a0PHOTOGRAPHE AMATEUR N\u00b0 9\u00a0\u00bb. Ce journal est diffus\u00e9 dans le milieu de la photographie, presse sp\u00e9cialis\u00e9e, photographe ami et les galeries ou institutions renomm\u00e9es tels que Agathe Gaillard, la Maison Robert Doisneau, la Maison Europ\u00e9enne de la Photo, le CNP \u2026 mais aussi l\u2019International Center of Photography \u00e0 New York ou le National Portrait Gallery \u00e0 Londres, qui nous d\u00e9livrent leurs informations.<\/p>\n<\/blockquote>\n<p>Notre modeste fanzine est m\u00eame parrain\u00e9 par des grands noms de la photographie tels que Willy Ronis, Marc Riboud, Jean Loup Sieff, le tireur Louis Raymond qui appr\u00e9cient notre action pour la photographie.<\/p>\n<p>Amoureux du baryt\u00e9 ou aficionados du num\u00e9rique se c\u00f4toient sans probl\u00e8me.<\/p>\n<p>Outre l\u2019amour commun des belles images, nous sommes avant tout une bande de joyeux amis qui ont pour finalit\u00e9 de se retrouver ensemble pour parler de photographie, voir des images, commenter l\u2019actualit\u00e9 des expos et des magazines et si cela se fait autour d\u2019une bonne bouteille ou dans le cadre de certaine de nos festives r\u00e9unions, c\u2019est encore mieux !<\/p>\n<p>La photographie comme la philosophie h\u00e9doniste en quelque sorte.<\/p>\n<p>Si vous souhaitez nous rejoindre, vous \u00eates le ou la BIENVENUE\u2026<\/p>\n<figure id=\"attachment_25\" aria-describedby=\"caption-attachment-25\" style=\"width: 640px\" class=\"wp-caption aligncenter\"><img loading=\"lazy\" decoding=\"async\" class=\"wp-image-25 size-large\" src=\"http:\/\/www.bellesimagesphotographies.com\/wp-content\/uploads\/2018\/02\/DSC_3156-1024x680.jpg\" alt=\"\" width=\"640\" height=\"425\" srcset=\"https:\/\/www.bellesimagesphotographies.com\/wp-content\/uploads\/2018\/02\/DSC_3156-1024x680.jpg 1024w, https:\/\/www.bellesimagesphotographies.com\/wp-content\/uploads\/2018\/02\/DSC_3156-300x199.jpg 300w, https:\/\/www.bellesimagesphotographies.com\/wp-content\/uploads\/2018\/02\/DSC_3156-768x510.jpg 768w, https:\/\/www.bellesimagesphotographies.com\/wp-content\/uploads\/2018\/02\/DSC_3156-110x73.jpg 110w, https:\/\/www.bellesimagesphotographies.com\/wp-content\/uploads\/2018\/02\/DSC_3156-420x279.jpg 420w, https:\/\/www.bellesimagesphotographies.com\/wp-content\/uploads\/2018\/02\/DSC_3156-647x430.jpg 647w\" sizes=\"auto, (max-width: 640px) 100vw, 640px\" \/><figcaption id=\"caption-attachment-25\" class=\"wp-caption-text\">Les membres du club des Belles Images et leurs amis du club de Louvres.<\/figcaption><\/figure>\n\n\n<ul class=\"wp-block-social-links is-style-logos-only is-horizontal is-layout-flex wp-block-social-links-is-layout-flex\"><li class=\"wp-social-link wp-social-link-facebook  wp-block-social-link\"><a rel=\"noopener nofollow\" target=\"_blank\" href=\"https:\/\/www.flickr.com\/groups\/bellesimagesphotography\/\" class=\"wp-block-social-link-anchor\"><svg width=\"24\" height=\"24\" viewBox=\"0 0 24 24\" version=\"1.1\" xmlns=\"http:\/\/www.w3.org\/2000\/svg\" aria-hidden=\"true\" focusable=\"false\"><path d=\"M12 2C6.5 2 2 6.5 2 12c0 5 3.7 9.1 8.4 9.9v-7H7.9V12h2.5V9.8c0-2.5 1.5-3.9 3.8-3.9 1.1 0 2.2.2 2.2.2v2.5h-1.3c-1.2 0-1.6.8-1.6 1.6V12h2.8l-.4 2.9h-2.3v7C18.3 21.1 22 17 22 12c0-5.5-4.5-10-10-10z\"><\/path><\/svg><span class=\"wp-block-social-link-label screen-reader-text\">Facebook<\/span><\/a><\/li>\n\n<li class=\"wp-social-link wp-social-link-flickr  wp-block-social-link\"><a rel=\"noopener nofollow\" target=\"_blank\" href=\"https:\/\/www.flickr.com\/groups\/bellesimagesphotography\/%20%20%20%20%20\" class=\"wp-block-social-link-anchor\"><svg width=\"24\" height=\"24\" viewBox=\"0 0 24 24\" version=\"1.1\" xmlns=\"http:\/\/www.w3.org\/2000\/svg\" aria-hidden=\"true\" focusable=\"false\"><path d=\"M6.5,7c-2.75,0-5,2.25-5,5s2.25,5,5,5s5-2.25,5-5S9.25,7,6.5,7z M17.5,7c-2.75,0-5,2.25-5,5s2.25,5,5,5s5-2.25,5-5 S20.25,7,17.5,7z\"><\/path><\/svg><span class=\"wp-block-social-link-label screen-reader-text\">Flickr<\/span><\/a><\/li><\/ul>\n","protected":false},"excerpt":{"rendered":"<p>Vous voulez rencontrer des gens qui partagent votre passion, alors d\u00e8s aujourd\u2019hui, n\u2019h\u00e9sitez pas \u00e0 visiter r\u00e9guli\u00e8rement notre site. Vous y serez \u00e9merveill\u00e9s par les belles images r\u00e9alis\u00e9es par nos adh\u00e9rents, des photos plus sensationnelles que celles de \u00ab\u00a0Voici\u00a0\u00bb, vous d\u00e9couvrirez l\u2019existence de notre bulletin photo \u00ab\u00a0Belles images photographies\u00a0\u00bb o\u00f9 l\u2019on ne s\u2019endort pas \u00e0 [&hellip;]<\/p>\n","protected":false},"author":1,"featured_media":0,"parent":0,"menu_order":0,"comment_status":"closed","ping_status":"open","template":"","meta":{"footnotes":""},"class_list":["post-2","page","type-page","status-publish","hentry"],"_links":{"self":[{"href":"https:\/\/www.bellesimagesphotographies.com\/index.php\/wp-json\/wp\/v2\/pages\/2","targetHints":{"allow":["GET"]}}],"collection":[{"href":"https:\/\/www.bellesimagesphotographies.com\/index.php\/wp-json\/wp\/v2\/pages"}],"about":[{"href":"https:\/\/www.bellesimagesphotographies.com\/index.php\/wp-json\/wp\/v2\/types\/page"}],"author":[{"embeddable":true,"href":"https:\/\/www.bellesimagesphotographies.com\/index.php\/wp-json\/wp\/v2\/users\/1"}],"replies":[{"embeddable":true,"href":"https:\/\/www.bellesimagesphotographies.com\/index.php\/wp-json\/wp\/v2\/comments?post=2"}],"version-history":[{"count":19,"href":"https:\/\/www.bellesimagesphotographies.com\/index.php\/wp-json\/wp\/v2\/pages\/2\/revisions"}],"predecessor-version":[{"id":11731,"href":"https:\/\/www.bellesimagesphotographies.com\/index.php\/wp-json\/wp\/v2\/pages\/2\/revisions\/11731"}],"wp:attachment":[{"href":"https:\/\/www.bellesimagesphotographies.com\/index.php\/wp-json\/wp\/v2\/media?parent=2"}],"curies":[{"name":"wp","href":"https:\/\/api.w.org\/{rel}","templated":true}]}}