{"id":217,"date":"2018-02-22T13:09:53","date_gmt":"2018-02-22T12:09:53","guid":{"rendered":"http:\/\/www.bellesimagesphotographies.com\/?page_id=217"},"modified":"2018-03-13T22:52:55","modified_gmt":"2018-03-13T21:52:55","slug":"on-en-parle-dans-la-presse","status":"publish","type":"page","link":"https:\/\/www.bellesimagesphotographies.com\/index.php\/presentation\/on-en-parle-dans-la-presse\/","title":{"rendered":"Dans la presse !"},"content":{"rendered":"<p>Exposition des 45 ans :<\/p>\n<p><iframe loading=\"lazy\" title=\"Exposition 45 ans\" width=\"640\" height=\"360\" src=\"https:\/\/www.youtube.com\/embed\/XGI_ei6d39E?feature=oembed\" frameborder=\"0\" allow=\"accelerometer; autoplay; clipboard-write; encrypted-media; gyroscope; picture-in-picture; web-share\" referrerpolicy=\"strict-origin-when-cross-origin\" allowfullscreen><\/iframe><\/p>\n<p>R\u00e9ponses Photo Novembre 2014 :<\/p>\n<div id='gallery-1' class='gallery galleryid-217 gallery-columns-3 gallery-size-large'><figure class='gallery-item'>\n\t\t\t<div class='gallery-icon portrait'>\n\t\t\t\t<a href='https:\/\/www.bellesimagesphotographies.com\/wp-content\/uploads\/2018\/03\/RP-n\u00b0272-novembre-2014-page-70.jpg'><img loading=\"lazy\" decoding=\"async\" width=\"640\" height=\"881\" src=\"https:\/\/www.bellesimagesphotographies.com\/wp-content\/uploads\/2018\/03\/RP-n\u00b0272-novembre-2014-page-70-744x1024.jpg\" class=\"attachment-large size-large\" alt=\"\" srcset=\"https:\/\/www.bellesimagesphotographies.com\/wp-content\/uploads\/2018\/03\/RP-n\u00b0272-novembre-2014-page-70-744x1024.jpg 744w, https:\/\/www.bellesimagesphotographies.com\/wp-content\/uploads\/2018\/03\/RP-n\u00b0272-novembre-2014-page-70-218x300.jpg 218w, https:\/\/www.bellesimagesphotographies.com\/wp-content\/uploads\/2018\/03\/RP-n\u00b0272-novembre-2014-page-70-768x1058.jpg 768w, https:\/\/www.bellesimagesphotographies.com\/wp-content\/uploads\/2018\/03\/RP-n\u00b0272-novembre-2014-page-70-80x110.jpg 80w, https:\/\/www.bellesimagesphotographies.com\/wp-content\/uploads\/2018\/03\/RP-n\u00b0272-novembre-2014-page-70-305x420.jpg 305w, https:\/\/www.bellesimagesphotographies.com\/wp-content\/uploads\/2018\/03\/RP-n\u00b0272-novembre-2014-page-70-312x430.jpg 312w, https:\/\/www.bellesimagesphotographies.com\/wp-content\/uploads\/2018\/03\/RP-n\u00b0272-novembre-2014-page-70.jpg 769w\" sizes=\"auto, (max-width: 640px) 100vw, 640px\" \/><\/a>\n\t\t\t<\/div><\/figure><figure class='gallery-item'>\n\t\t\t<div class='gallery-icon portrait'>\n\t\t\t\t<a href='https:\/\/www.bellesimagesphotographies.com\/wp-content\/uploads\/2018\/03\/RP-n\u00b0272-novembre-2014-page-71.jpg'><img loading=\"lazy\" decoding=\"async\" width=\"640\" height=\"888\" src=\"https:\/\/www.bellesimagesphotographies.com\/wp-content\/uploads\/2018\/03\/RP-n\u00b0272-novembre-2014-page-71-738x1024.jpg\" class=\"attachment-large size-large\" alt=\"\" srcset=\"https:\/\/www.bellesimagesphotographies.com\/wp-content\/uploads\/2018\/03\/RP-n\u00b0272-novembre-2014-page-71-738x1024.jpg 738w, https:\/\/www.bellesimagesphotographies.com\/wp-content\/uploads\/2018\/03\/RP-n\u00b0272-novembre-2014-page-71-216x300.jpg 216w, https:\/\/www.bellesimagesphotographies.com\/wp-content\/uploads\/2018\/03\/RP-n\u00b0272-novembre-2014-page-71-79x110.jpg 79w, https:\/\/www.bellesimagesphotographies.com\/wp-content\/uploads\/2018\/03\/RP-n\u00b0272-novembre-2014-page-71-303x420.jpg 303w, https:\/\/www.bellesimagesphotographies.com\/wp-content\/uploads\/2018\/03\/RP-n\u00b0272-novembre-2014-page-71-310x430.jpg 310w, https:\/\/www.bellesimagesphotographies.com\/wp-content\/uploads\/2018\/03\/RP-n\u00b0272-novembre-2014-page-71.jpg 760w\" sizes=\"auto, (max-width: 640px) 100vw, 640px\" \/><\/a>\n\t\t\t<\/div><\/figure><figure class='gallery-item'>\n\t\t\t<div class='gallery-icon portrait'>\n\t\t\t\t<a href='https:\/\/www.bellesimagesphotographies.com\/wp-content\/uploads\/2018\/03\/RP-n\u00b0272-novembre-2014-page-72.jpg'><img loading=\"lazy\" decoding=\"async\" width=\"640\" height=\"894\" src=\"https:\/\/www.bellesimagesphotographies.com\/wp-content\/uploads\/2018\/03\/RP-n\u00b0272-novembre-2014-page-72-733x1024.jpg\" class=\"attachment-large size-large\" alt=\"\" srcset=\"https:\/\/www.bellesimagesphotographies.com\/wp-content\/uploads\/2018\/03\/RP-n\u00b0272-novembre-2014-page-72-733x1024.jpg 733w, https:\/\/www.bellesimagesphotographies.com\/wp-content\/uploads\/2018\/03\/RP-n\u00b0272-novembre-2014-page-72-215x300.jpg 215w, https:\/\/www.bellesimagesphotographies.com\/wp-content\/uploads\/2018\/03\/RP-n\u00b0272-novembre-2014-page-72-79x110.jpg 79w, https:\/\/www.bellesimagesphotographies.com\/wp-content\/uploads\/2018\/03\/RP-n\u00b0272-novembre-2014-page-72-300x420.jpg 300w, https:\/\/www.bellesimagesphotographies.com\/wp-content\/uploads\/2018\/03\/RP-n\u00b0272-novembre-2014-page-72-308x430.jpg 308w, https:\/\/www.bellesimagesphotographies.com\/wp-content\/uploads\/2018\/03\/RP-n\u00b0272-novembre-2014-page-72.jpg 764w\" sizes=\"auto, (max-width: 640px) 100vw, 640px\" \/><\/a>\n\t\t\t<\/div><\/figure>\n\t\t<\/div>\n\n<p>R\u00e9ponses Photo Ao\u00fbt 2010 :<\/p>\n<div id='gallery-2' class='gallery galleryid-217 gallery-columns-3 gallery-size-large'><figure class='gallery-item'>\n\t\t\t<div class='gallery-icon portrait'>\n\t\t\t\t<a href='https:\/\/www.bellesimagesphotographies.com\/wp-content\/uploads\/2018\/02\/R\u00e9poses-Photo_01.jpg'><img loading=\"lazy\" decoding=\"async\" width=\"640\" height=\"910\" src=\"https:\/\/www.bellesimagesphotographies.com\/wp-content\/uploads\/2018\/02\/R\u00e9poses-Photo_01-720x1024.jpg\" class=\"attachment-large size-large\" alt=\"\" srcset=\"https:\/\/www.bellesimagesphotographies.com\/wp-content\/uploads\/2018\/02\/R\u00e9poses-Photo_01-720x1024.jpg 720w, https:\/\/www.bellesimagesphotographies.com\/wp-content\/uploads\/2018\/02\/R\u00e9poses-Photo_01-211x300.jpg 211w, https:\/\/www.bellesimagesphotographies.com\/wp-content\/uploads\/2018\/02\/R\u00e9poses-Photo_01-768x1092.jpg 768w, https:\/\/www.bellesimagesphotographies.com\/wp-content\/uploads\/2018\/02\/R\u00e9poses-Photo_01-77x110.jpg 77w, https:\/\/www.bellesimagesphotographies.com\/wp-content\/uploads\/2018\/02\/R\u00e9poses-Photo_01-295x420.jpg 295w, https:\/\/www.bellesimagesphotographies.com\/wp-content\/uploads\/2018\/02\/R\u00e9poses-Photo_01-302x430.jpg 302w, https:\/\/www.bellesimagesphotographies.com\/wp-content\/uploads\/2018\/02\/R\u00e9poses-Photo_01.jpg 2000w\" sizes=\"auto, (max-width: 640px) 100vw, 640px\" \/><\/a>\n\t\t\t<\/div><\/figure><figure class='gallery-item'>\n\t\t\t<div class='gallery-icon portrait'>\n\t\t\t\t<a href='https:\/\/www.bellesimagesphotographies.com\/wp-content\/uploads\/2018\/02\/R\u00e9poses-Photo_02.jpg'><img loading=\"lazy\" decoding=\"async\" width=\"640\" height=\"893\" src=\"https:\/\/www.bellesimagesphotographies.com\/wp-content\/uploads\/2018\/02\/R\u00e9poses-Photo_02-734x1024.jpg\" class=\"attachment-large size-large\" alt=\"\" srcset=\"https:\/\/www.bellesimagesphotographies.com\/wp-content\/uploads\/2018\/02\/R\u00e9poses-Photo_02-734x1024.jpg 734w, https:\/\/www.bellesimagesphotographies.com\/wp-content\/uploads\/2018\/02\/R\u00e9poses-Photo_02-215x300.jpg 215w, https:\/\/www.bellesimagesphotographies.com\/wp-content\/uploads\/2018\/02\/R\u00e9poses-Photo_02-768x1071.jpg 768w, https:\/\/www.bellesimagesphotographies.com\/wp-content\/uploads\/2018\/02\/R\u00e9poses-Photo_02-79x110.jpg 79w, https:\/\/www.bellesimagesphotographies.com\/wp-content\/uploads\/2018\/02\/R\u00e9poses-Photo_02-301x420.jpg 301w, https:\/\/www.bellesimagesphotographies.com\/wp-content\/uploads\/2018\/02\/R\u00e9poses-Photo_02-308x430.jpg 308w, https:\/\/www.bellesimagesphotographies.com\/wp-content\/uploads\/2018\/02\/R\u00e9poses-Photo_02.jpg 2000w\" sizes=\"auto, (max-width: 640px) 100vw, 640px\" \/><\/a>\n\t\t\t<\/div><\/figure><figure class='gallery-item'>\n\t\t\t<div class='gallery-icon portrait'>\n\t\t\t\t<a href='https:\/\/www.bellesimagesphotographies.com\/wp-content\/uploads\/2018\/02\/R\u00e9poses-Photo_03.jpg'><img loading=\"lazy\" decoding=\"async\" width=\"640\" height=\"888\" src=\"https:\/\/www.bellesimagesphotographies.com\/wp-content\/uploads\/2018\/02\/R\u00e9poses-Photo_03-738x1024.jpg\" class=\"attachment-large size-large\" alt=\"\" srcset=\"https:\/\/www.bellesimagesphotographies.com\/wp-content\/uploads\/2018\/02\/R\u00e9poses-Photo_03-738x1024.jpg 738w, https:\/\/www.bellesimagesphotographies.com\/wp-content\/uploads\/2018\/02\/R\u00e9poses-Photo_03-216x300.jpg 216w, https:\/\/www.bellesimagesphotographies.com\/wp-content\/uploads\/2018\/02\/R\u00e9poses-Photo_03-768x1066.jpg 768w, https:\/\/www.bellesimagesphotographies.com\/wp-content\/uploads\/2018\/02\/R\u00e9poses-Photo_03-79x110.jpg 79w, https:\/\/www.bellesimagesphotographies.com\/wp-content\/uploads\/2018\/02\/R\u00e9poses-Photo_03-303x420.jpg 303w, https:\/\/www.bellesimagesphotographies.com\/wp-content\/uploads\/2018\/02\/R\u00e9poses-Photo_03-310x430.jpg 310w, https:\/\/www.bellesimagesphotographies.com\/wp-content\/uploads\/2018\/02\/R\u00e9poses-Photo_03.jpg 2000w\" sizes=\"auto, (max-width: 640px) 100vw, 640px\" \/><\/a>\n\t\t\t<\/div><\/figure><figure class='gallery-item'>\n\t\t\t<div class='gallery-icon portrait'>\n\t\t\t\t<a href='https:\/\/www.bellesimagesphotographies.com\/wp-content\/uploads\/2018\/02\/R\u00e9poses-Photo_04.jpg'><img loading=\"lazy\" decoding=\"async\" width=\"640\" height=\"904\" src=\"https:\/\/www.bellesimagesphotographies.com\/wp-content\/uploads\/2018\/02\/R\u00e9poses-Photo_04-725x1024.jpg\" class=\"attachment-large size-large\" alt=\"\" srcset=\"https:\/\/www.bellesimagesphotographies.com\/wp-content\/uploads\/2018\/02\/R\u00e9poses-Photo_04-725x1024.jpg 725w, https:\/\/www.bellesimagesphotographies.com\/wp-content\/uploads\/2018\/02\/R\u00e9poses-Photo_04-212x300.jpg 212w, https:\/\/www.bellesimagesphotographies.com\/wp-content\/uploads\/2018\/02\/R\u00e9poses-Photo_04-768x1085.jpg 768w, https:\/\/www.bellesimagesphotographies.com\/wp-content\/uploads\/2018\/02\/R\u00e9poses-Photo_04-78x110.jpg 78w, https:\/\/www.bellesimagesphotographies.com\/wp-content\/uploads\/2018\/02\/R\u00e9poses-Photo_04-297x420.jpg 297w, https:\/\/www.bellesimagesphotographies.com\/wp-content\/uploads\/2018\/02\/R\u00e9poses-Photo_04-304x430.jpg 304w, https:\/\/www.bellesimagesphotographies.com\/wp-content\/uploads\/2018\/02\/R\u00e9poses-Photo_04.jpg 2000w\" sizes=\"auto, (max-width: 640px) 100vw, 640px\" \/><\/a>\n\t\t\t<\/div><\/figure><figure class='gallery-item'>\n\t\t\t<div class='gallery-icon portrait'>\n\t\t\t\t<a href='https:\/\/www.bellesimagesphotographies.com\/wp-content\/uploads\/2018\/02\/R\u00e9poses-Photo_05.jpg'><img loading=\"lazy\" decoding=\"async\" width=\"640\" height=\"881\" src=\"https:\/\/www.bellesimagesphotographies.com\/wp-content\/uploads\/2018\/02\/R\u00e9poses-Photo_05-744x1024.jpg\" class=\"attachment-large size-large\" alt=\"\" srcset=\"https:\/\/www.bellesimagesphotographies.com\/wp-content\/uploads\/2018\/02\/R\u00e9poses-Photo_05-744x1024.jpg 744w, https:\/\/www.bellesimagesphotographies.com\/wp-content\/uploads\/2018\/02\/R\u00e9poses-Photo_05-218x300.jpg 218w, https:\/\/www.bellesimagesphotographies.com\/wp-content\/uploads\/2018\/02\/R\u00e9poses-Photo_05-768x1057.jpg 768w, https:\/\/www.bellesimagesphotographies.com\/wp-content\/uploads\/2018\/02\/R\u00e9poses-Photo_05-80x110.jpg 80w, https:\/\/www.bellesimagesphotographies.com\/wp-content\/uploads\/2018\/02\/R\u00e9poses-Photo_05-305x420.jpg 305w, https:\/\/www.bellesimagesphotographies.com\/wp-content\/uploads\/2018\/02\/R\u00e9poses-Photo_05-313x430.jpg 313w, https:\/\/www.bellesimagesphotographies.com\/wp-content\/uploads\/2018\/02\/R\u00e9poses-Photo_05.jpg 2000w\" sizes=\"auto, (max-width: 640px) 100vw, 640px\" \/><\/a>\n\t\t\t<\/div><\/figure>\n\t\t<\/div>\n\n<p>Le Parisien Val D&rsquo;oise<\/p>\n<p><img loading=\"lazy\" decoding=\"async\" class=\"alignnone size-large wp-image-223\" src=\"http:\/\/www.bellesimagesphotographies.com\/wp-content\/uploads\/2018\/02\/Parisien-du-vendredi-10-juin-2011-1024x900.png\" alt=\"\" width=\"640\" height=\"563\" srcset=\"https:\/\/www.bellesimagesphotographies.com\/wp-content\/uploads\/2018\/02\/Parisien-du-vendredi-10-juin-2011-1024x900.png 1024w, https:\/\/www.bellesimagesphotographies.com\/wp-content\/uploads\/2018\/02\/Parisien-du-vendredi-10-juin-2011-300x264.png 300w, https:\/\/www.bellesimagesphotographies.com\/wp-content\/uploads\/2018\/02\/Parisien-du-vendredi-10-juin-2011-768x675.png 768w, https:\/\/www.bellesimagesphotographies.com\/wp-content\/uploads\/2018\/02\/Parisien-du-vendredi-10-juin-2011-110x97.png 110w, https:\/\/www.bellesimagesphotographies.com\/wp-content\/uploads\/2018\/02\/Parisien-du-vendredi-10-juin-2011-420x369.png 420w, https:\/\/www.bellesimagesphotographies.com\/wp-content\/uploads\/2018\/02\/Parisien-du-vendredi-10-juin-2011-490x430.png 490w, https:\/\/www.bellesimagesphotographies.com\/wp-content\/uploads\/2018\/02\/Parisien-du-vendredi-10-juin-2011.png 1900w\" sizes=\"auto, (max-width: 640px) 100vw, 640px\" \/><\/p>\n","protected":false},"excerpt":{"rendered":"<p>Exposition des 45 ans : R\u00e9ponses Photo Novembre 2014 : R\u00e9ponses Photo Ao\u00fbt 2010 : Le Parisien Val D&rsquo;oise<\/p>\n","protected":false},"author":1,"featured_media":0,"parent":2,"menu_order":0,"comment_status":"closed","ping_status":"closed","template":"","meta":{"footnotes":""},"class_list":["post-217","page","type-page","status-publish","hentry"],"_links":{"self":[{"href":"https:\/\/www.bellesimagesphotographies.com\/index.php\/wp-json\/wp\/v2\/pages\/217","targetHints":{"allow":["GET"]}}],"collection":[{"href":"https:\/\/www.bellesimagesphotographies.com\/index.php\/wp-json\/wp\/v2\/pages"}],"about":[{"href":"https:\/\/www.bellesimagesphotographies.com\/index.php\/wp-json\/wp\/v2\/types\/page"}],"author":[{"embeddable":true,"href":"https:\/\/www.bellesimagesphotographies.com\/index.php\/wp-json\/wp\/v2\/users\/1"}],"replies":[{"embeddable":true,"href":"https:\/\/www.bellesimagesphotographies.com\/index.php\/wp-json\/wp\/v2\/comments?post=217"}],"version-history":[{"count":4,"href":"https:\/\/www.bellesimagesphotographies.com\/index.php\/wp-json\/wp\/v2\/pages\/217\/revisions"}],"predecessor-version":[{"id":286,"href":"https:\/\/www.bellesimagesphotographies.com\/index.php\/wp-json\/wp\/v2\/pages\/217\/revisions\/286"}],"up":[{"embeddable":true,"href":"https:\/\/www.bellesimagesphotographies.com\/index.php\/wp-json\/wp\/v2\/pages\/2"}],"wp:attachment":[{"href":"https:\/\/www.bellesimagesphotographies.com\/index.php\/wp-json\/wp\/v2\/media?parent=217"}],"curies":[{"name":"wp","href":"https:\/\/api.w.org\/{rel}","templated":true}]}}