{"id":2480,"date":"2021-03-08T22:17:59","date_gmt":"2021-03-08T21:17:59","guid":{"rendered":"https:\/\/www.bellesimagesphotographies.com\/?page_id=2480"},"modified":"2022-07-19T00:35:54","modified_gmt":"2022-07-18T22:35:54","slug":"zakine-steve","status":"publish","type":"page","link":"https:\/\/www.bellesimagesphotographies.com\/index.php\/les-membres\/zakine-steve\/","title":{"rendered":"Zakine Steve"},"content":{"rendered":"<span id=\"tablepress-12-description\" class=\"tablepress-table-description tablepress-table-description-id-12\">J'ai rejoins le Club des Belles images en 2020 et mon th\u00e8me pr\u00e9f\u00e9r\u00e9 c'est le portrait, j'aime particuli\u00e8rement photographier l'humain, en cherchant \u00e0 figer une expression, un regard, un instant, tout en essayant d'utiliser au mieux la lumi\u00e8re, afin de monter ou cacher ce que le spectateur pourrait deviner.<br \/>\n<br \/>\nSi vous souhaitez tenter l'exp\u00e9rience et participer \u00e0 un shooting photo, en studio ou \u00e0 l'ext\u00e9rieur, contactez-moi par email: <b>steve.zakine@gmail.com<\/b><br \/>\n<br \/>\n  <\/span>\n\n<table id=\"tablepress-12\" class=\"tablepress tablepress-id-12\" aria-describedby=\"tablepress-12-description\">\n<tbody class=\"row-hover\">\n<tr class=\"row-1\">\n\t<td class=\"column-1\"><a href=\"https:\/\/www.bellesimagesphotographies.com\/index.php\/image\/zs-fetes-des-vendanges-2024\/\"><br \/>\n<img loading=\"lazy\" decoding=\"async\" src=\"https:\/\/www.bellesimagesphotographies.com\/wp-content\/uploads\/2024\/10\/L1011736_13_octobre_2024_10_S_S-250x250.jpg\" alt=\"\" width=\"180\" height=\"180\" class=\"alignnone size-thumbnail wp-image-5826\" \/><\/a><br \/>\n<a href=\"https:\/\/www.bellesimagesphotographies.com\/index.php\/image\/zs-fetes-des-vendanges-2024\/\"><font color=\"#000099\">F\u00eate des vendanges 2024<\/a><br \/>\n<br \/>\n<\/td><td class=\"column-2\"><a href=\"https:\/\/www.bellesimagesphotographies.com\/index.php\/image\/zs-maiwenn\/\"><br \/>\n<img loading=\"lazy\" decoding=\"async\" src=\"https:\/\/www.bellesimagesphotographies.com\/wp-content\/uploads\/2024\/07\/L1006681_11_juillet_2024_07_S-250x250.jpg\" alt=\"\" width=\"180\" height=\"180\" class=\"alignnone size-thumbnail wp-image-5826\" \/><\/a><br \/>\n<a href=\"https:\/\/www.bellesimagesphotographies.com\/index.php\/image\/zs-maiwenn\/\"><font color=\"#000099\">Ma\u00efwenn<\/a><\/td><td class=\"column-3\"><\/td>\n<\/tr>\n<tr class=\"row-2\">\n\t<td class=\"column-1\"><a href=\"https:\/\/www.bellesimagesphotographies.com\/index.php\/image\/zs-capturer-linstant\/\"><br \/>\n<img loading=\"lazy\" decoding=\"async\" src=\"https:\/\/www.bellesimagesphotographies.com\/wp-content\/uploads\/2024\/07\/L1004010_04_juin_2024_2024_06_04_S-250x250.jpg\" alt=\"\" width=\"180\" height=\"180\" class=\"alignnone size-thumbnail wp-image-5826\" \/><\/a><br \/>\n<a href=\"https:\/\/www.bellesimagesphotographies.com\/index.php\/image\/zs-capturer-linstant\/\"><font color=\"#000099\">Capturer l'instant<\/a><\/td><td class=\"column-2\"><a href=\"https:\/\/www.bellesimagesphotographies.com\/index.php\/image\/zs-compagnie-cyclone\/\"><br \/>\n<img loading=\"lazy\" decoding=\"async\" src=\"https:\/\/www.bellesimagesphotographies.com\/wp-content\/uploads\/2024\/07\/L1005567_05_juillet_2024_07_S-250x250.jpg\" alt=\"\" width=\"180\" height=\"180\" class=\"alignnone size-thumbnail wp-image-5826\" \/><\/a><br \/>\n<a href=\"https:\/\/www.bellesimagesphotographies.com\/index.php\/image\/zs-compagnie-cyclone\/\"><font color=\"#000099\">Compagnie Cyclone<\/a><br \/>\n<\/td><td class=\"column-3\"><a href=\"https:\/\/www.bellesimagesphotographies.com\/index.php\/image\/zs-festival-polychromies-sarcelles-2024\/\"><br \/>\n<img loading=\"lazy\" decoding=\"async\" src=\"https:\/\/www.bellesimagesphotographies.com\/wp-content\/uploads\/2024\/07\/L1006125_06_juillet_2024_07_S-250x250.jpg\" alt=\"\" width=\"180\" height=\"180\" class=\"alignnone size-thumbnail wp-image-5826\" \/><\/a><br \/>\n<a href=\"https:\/\/www.bellesimagesphotographies.com\/index.php\/image\/zs-festival-polychromies-sarcelles-2024\/\"><font color=\"#000099\">Festival Polychromies Sarcelles 2024<\/a><\/td>\n<\/tr>\n<tr class=\"row-3\">\n\t<td class=\"column-1\"><a href=\"https:\/\/www.bellesimagesphotographies.com\/index.php\/image\/zs-florence\/\"><br \/>\n<img loading=\"lazy\" decoding=\"async\" src=\"https:\/\/www.bellesimagesphotographies.com\/wp-content\/uploads\/2023\/08\/FUJI7281_23_juillet_2023_1920-250x250.jpg\" alt=\"\" width=\"180\" height=\"180\" class=\"alignnone size-thumbnail wp-image-5826\" \/><\/a><br \/>\n<a href=\"https:\/\/www.bellesimagesphotographies.com\/index.php\/image\/zs-florence\/\"><font color=\"#000099\">Florence<\/a><\/td><td class=\"column-2\"><a href=\"https:\/\/www.bellesimagesphotographies.com\/index.php\/image\/zs-la-cloche-au-wanted-cafe\/\"><br \/>\n<img loading=\"lazy\" decoding=\"async\" src=\"https:\/\/www.bellesimagesphotographies.com\/wp-content\/uploads\/2023\/08\/DSCF7465_02_fevrier_2023_1920-250x250.jpg\" alt=\"\" width=\"180\" height=\"180\" class=\"alignnone size-thumbnail wp-image-5826\" \/><\/a><br \/>\n<a href=\"https:\/\/www.bellesimagesphotographies.com\/index.php\/image\/zs-la-cloche-au-wanted-cafe\/\"><font color=\"#000099\">La cloche &amp; le Wanted caf\u00e9<\/a><\/td><td class=\"column-3\"><a href=\"https:\/\/www.bellesimagesphotographies.com\/index.php\/zs-tuileries\/\"><br \/>\n<img loading=\"lazy\" decoding=\"async\" src=\"https:\/\/www.bellesimagesphotographies.com\/wp-content\/uploads\/2023\/03\/FUJI3992_26_fevrier_2023_02-2_C-250x250.jpg\" alt=\"\" width=\"180\" height=\"180\" class=\"alignnone size-thumbnail wp-image-5826\" \/><\/a><br \/>\n<a href=\"https:\/\/www.bellesimagesphotographies.com\/index.php\/zs-tuileries\/\"><font color=\"#000099\">Tuileries<\/a><\/td>\n<\/tr>\n<tr class=\"row-4\">\n\t<td class=\"column-1\"><a href=\"https:\/\/www.bellesimagesphotographies.com\/index.php\/image\/zs-concert-robyn-bennett\/\"><br \/>\n<img loading=\"lazy\" decoding=\"async\" src=\"https:\/\/www.bellesimagesphotographies.com\/wp-content\/uploads\/2022\/12\/FUJI2589_03_decembre_2022_12_C-250x250.jpg\" alt=\"\" width=\"180\" height=\"180\" class=\"alignnone size-thumbnail wp-image-5826\" \/><\/a><br \/>\n<a href=\"https:\/\/www.bellesimagesphotographies.com\/index.php\/image\/zs-concert-robyn-bennett\/\"><font color=\"#000099\">Concert Robyn Bennett<\/a><\/td><td class=\"column-2\"><a href=\"https:\/\/www.bellesimagesphotographies.com\/index.php\/image\/zs-variations-singulieres\/\"><br \/>\n<img loading=\"lazy\" decoding=\"async\" src=\"https:\/\/www.bellesimagesphotographies.com\/wp-content\/uploads\/2022\/12\/FUJI1287_17_octobre_2022_10_C-250x250.jpg\" alt=\"\" width=\"180\" height=\"180\" class=\"alignnone size-thumbnail wp-image-5826\" \/><\/a><br \/>\n<a href=\"https:\/\/www.bellesimagesphotographies.com\/index.php\/image\/zs-variations-singulieres\/\"><font color=\"#000099\">Variations Singuli\u00e8res<\/a><\/td><td class=\"column-3\"><a href=\"https:\/\/www.bellesimagesphotographies.com\/index.php\/image\/zs-vai-vae\/\"><br \/>\n<img loading=\"lazy\" decoding=\"async\" src=\"https:\/\/www.bellesimagesphotographies.com\/wp-content\/uploads\/2022\/12\/FUJI1908_29_octobre_2022_10_C_C-250x250.jpg\" alt=\"\" width=\"180\" height=\"180\" class=\"alignnone size-thumbnail wp-image-5826\" \/><\/a><br \/>\n<a href=\"https:\/\/www.bellesimagesphotographies.com\/index.php\/image\/zs-vai-vae\/\"><font color=\"#000099\">D\u00e9fil\u00e9 VAI VAE<\/a><\/td>\n<\/tr>\n<tr class=\"row-5\">\n\t<td class=\"column-1\"><a href=\"https:\/\/www.bellesimagesphotographies.com\/index.php\/image\/zs-cindy-couleur\/\"><br \/>\n<img loading=\"lazy\" decoding=\"async\" src=\"https:\/\/www.bellesimagesphotographies.com\/wp-content\/uploads\/2022\/10\/FUJI9722_28_aout_2022_08_Cadre-250x250.jpg\" alt=\"\" width=\"180\" height=\"180\" class=\"alignnone size-thumbnail wp-image-5826\" \/><\/a><br \/>\n<a href=\"https:\/\/www.bellesimagesphotographies.com\/index.php\/image\/zs-cindy-couleur\/\"><font color=\"#000099\">Cindy (Couleur)<\/a><\/td><td class=\"column-2\"><a href=\"https:\/\/www.bellesimagesphotographies.com\/index.php\/image\/zs-cindy-noirblanc\/\"><br \/>\n<img loading=\"lazy\" decoding=\"async\" src=\"https:\/\/www.bellesimagesphotographies.com\/wp-content\/uploads\/2022\/10\/FUJI9419_28_aout_2022_08-1_Cadre-250x250.jpg\" alt=\"\" width=\"180\" height=\"180\" class=\"alignnone size-thumbnail wp-image-5826\" \/><\/a><br \/>\n<a href=\"https:\/\/www.bellesimagesphotographies.com\/index.php\/image\/zs-cindy-noirblanc\/\"><font color=\"#000099\">Cindy (Noir &amp; Blanc)<\/a><\/td><td class=\"column-3\"><a href=\"https:\/\/www.bellesimagesphotographies.com\/index.php\/image\/zs-barcelone\/\"><br \/>\n<img loading=\"lazy\" decoding=\"async\" src=\"https:\/\/www.bellesimagesphotographies.com\/wp-content\/uploads\/2022\/09\/FUJI7558_21_juillet_2022_07_Cadre_Cadre-250x250.jpg\" alt=\"\" width=\"180\" height=\"180\" class=\"alignnone size-thumbnail wp-image-5826\" \/><\/a><br \/>\n<a href=\"https:\/\/www.bellesimagesphotographies.com\/index.php\/image\/zs-barcelone\/\"><font color=\"#000099\">Barcelone<\/a><br \/>\n<\/td>\n<\/tr>\n<tr class=\"row-6\">\n\t<td class=\"column-1\"><a href=\"https:\/\/www.bellesimagesphotographies.com\/index.php\/image\/zs-marche-citoyenne-du-14-juillet-a-sarcelles\/\"><img loading=\"lazy\" decoding=\"async\" src=\"https:\/\/www.bellesimagesphotographies.com\/wp-content\/uploads\/2022\/07\/FUJI7101_14_juillet_2022_Cadre-250x250.jpg\" alt=\"\" width=\"180\" height=\"180\" class=\"alignnone size-thumbnail wp-image-5826\" srcset=\"https:\/\/www.bellesimagesphotographies.com\/wp-content\/uploads\/2022\/07\/FUJI7101_14_juillet_2022_Cadre-250x250.jpg 250w, https:\/\/www.bellesimagesphotographies.com\/wp-content\/uploads\/2022\/07\/FUJI7101_14_juillet_2022_Cadre-125x125.jpg 125w, https:\/\/www.bellesimagesphotographies.com\/wp-content\/uploads\/2022\/07\/FUJI7101_14_juillet_2022_Cadre-110x110.jpg 110w, https:\/\/www.bellesimagesphotographies.com\/wp-content\/uploads\/2022\/07\/FUJI7101_14_juillet_2022_Cadre-420x420.jpg 420w\" sizes=\"auto, (max-width: 180px) 100vw, 180px\" \/><\/a><br \/>\n<a href=\"https:\/\/www.bellesimagesphotographies.com\/index.php\/image\/zs-marche-citoyenne-du-14-juillet-a-sarcelles\/\"><font color=\"#000099\">Marche citoyenne du 14 juillet \u00e0 Sarcelles<\/a><\/td><td class=\"column-2\"><a href=\"https:\/\/www.bellesimagesphotographies.com\/index.php\/image\/zs-selection-noir-blanc\/\"><img loading=\"lazy\" decoding=\"async\" src=\"https:\/\/www.bellesimagesphotographies.com\/wp-content\/uploads\/2022\/08\/0119-5-Place-de-nuit_Cadre-250x250.jpg\" alt=\"\" width=\"180\" height=\"180\" class=\"alignnone size-thumbnail wp-image-5098\" \/><\/a> <br \/>\n<a href=\"https:\/\/www.bellesimagesphotographies.com\/index.php\/image\/zs-selection-noir-blanc\/\"><font color=\"#000099\">S\u00e9lection Noir &amp; Blanc<\/a><a href=\"https:\/\/www.bellesimagesphotographies.com\/index.php\/image\/zs-selection-noir-blanc\/\"><\/td><td class=\"column-3\"><a href=\"https:\/\/www.bellesimagesphotographies.com\/index.php\/image\/sz-silvana\/\"><img loading=\"lazy\" decoding=\"async\" src=\"https:\/\/www.bellesimagesphotographies.com\/wp-content\/uploads\/2022\/08\/0119-3-Meditation_Cadre-250x250.jpg\" alt=\"\" width=\"180\" height=\"180\" class=\"alignnone size-thumbnail wp-image-5096\" \/><\/a><br \/>\n<a href=\"https:\/\/www.bellesimagesphotographies.com\/index.php\/image\/sz-silvana\/\"><font color=\"#000099\">Silvana<\/a><\/td>\n<\/tr>\n<tr class=\"row-7\">\n\t<td class=\"column-1\"><a href=\"https:\/\/www.bellesimagesphotographies.com\/index.php\/image\/zs-portraits\/\"><img loading=\"lazy\" decoding=\"async\" src=\"https:\/\/www.bellesimagesphotographies.com\/wp-content\/uploads\/2021\/03\/FXT26489_dec.-29-2020_JPEG-Optimise-Instagram-250x250.jpg\" alt=\"\" width=\"180\" height=\"180\" class=\"alignnone size-thumbnail wp-image-2577\" srcset=\"https:\/\/www.bellesimagesphotographies.com\/wp-content\/uploads\/2021\/03\/FXT26489_dec.-29-2020_JPEG-Optimise-Instagram-250x250.jpg 250w, https:\/\/www.bellesimagesphotographies.com\/wp-content\/uploads\/2021\/03\/FXT26489_dec.-29-2020_JPEG-Optimise-Instagram-125x125.jpg 125w, https:\/\/www.bellesimagesphotographies.com\/wp-content\/uploads\/2021\/03\/FXT26489_dec.-29-2020_JPEG-Optimise-Instagram-110x110.jpg 110w, https:\/\/www.bellesimagesphotographies.com\/wp-content\/uploads\/2021\/03\/FXT26489_dec.-29-2020_JPEG-Optimise-Instagram-420x420.jpg 420w\" sizes=\"auto, (max-width: 180px) 100vw, 180px\" \/><\/a><br \/>\n<a href=\"https:\/\/www.bellesimagesphotographies.com\/index.php\/image\/zs-portraits\/\"><font color=\"#000099\">Portraits Couleur<\/a><\/td><td class=\"column-2\"><a href=\"https:\/\/www.bellesimagesphotographies.com\/index.php\/image\/zs-portraits-nb\/\"><img loading=\"lazy\" decoding=\"async\" src=\"https:\/\/www.bellesimagesphotographies.com\/wp-content\/uploads\/2022\/07\/0119-2-Chignon_Cadre-250x250.jpg\" alt=\"\" width=\"180\" height=\"180\" class=\"alignnone size-thumbnail wp-image-5114\" srcset=\"https:\/\/www.bellesimagesphotographies.com\/wp-content\/uploads\/2022\/07\/0119-2-Chignon_Cadre-250x250.jpg 250w, https:\/\/www.bellesimagesphotographies.com\/wp-content\/uploads\/2022\/07\/0119-2-Chignon_Cadre-300x300.jpg 300w, https:\/\/www.bellesimagesphotographies.com\/wp-content\/uploads\/2022\/07\/0119-2-Chignon_Cadre-1024x1024.jpg 1024w, https:\/\/www.bellesimagesphotographies.com\/wp-content\/uploads\/2022\/07\/0119-2-Chignon_Cadre-768x768.jpg 768w, https:\/\/www.bellesimagesphotographies.com\/wp-content\/uploads\/2022\/07\/0119-2-Chignon_Cadre-1536x1536.jpg 1536w, https:\/\/www.bellesimagesphotographies.com\/wp-content\/uploads\/2022\/07\/0119-2-Chignon_Cadre-125x125.jpg 125w, https:\/\/www.bellesimagesphotographies.com\/wp-content\/uploads\/2022\/07\/0119-2-Chignon_Cadre-110x110.jpg 110w, https:\/\/www.bellesimagesphotographies.com\/wp-content\/uploads\/2022\/07\/0119-2-Chignon_Cadre-420x420.jpg 420w, https:\/\/www.bellesimagesphotographies.com\/wp-content\/uploads\/2022\/07\/0119-2-Chignon_Cadre-430x430.jpg 430w, https:\/\/www.bellesimagesphotographies.com\/wp-content\/uploads\/2022\/07\/0119-2-Chignon_Cadre.jpg 2044w\" sizes=\"auto, (max-width: 180px) 100vw, 180px\" \/><\/a><br \/>\n<a href=\"https:\/\/www.bellesimagesphotographies.com\/index.php\/image\/zs-portraits-nb\/\"><font color=\"#000099\">Portraits N&amp;B    (mis \u00e0 jour le 24.08.2022)<\/font><\/a><br \/>\n<\/td><td class=\"column-3\"><a href=\"https:\/\/www.bellesimagesphotographies.com\/index.php\/image\/zs-madrid\/\"><img loading=\"lazy\" decoding=\"async\" src=\"https:\/\/www.bellesimagesphotographies.com\/wp-content\/uploads\/2022\/07\/FXT35932_21_mai_2022-250x250.jpg\" alt=\"\" width=\"180\" height=\"180\" class=\"alignnone size-thumbnail wp-image-5020\" srcset=\"https:\/\/www.bellesimagesphotographies.com\/wp-content\/uploads\/2022\/07\/FXT35932_21_mai_2022-250x250.jpg 250w, https:\/\/www.bellesimagesphotographies.com\/wp-content\/uploads\/2022\/07\/FXT35932_21_mai_2022-125x125.jpg 125w, https:\/\/www.bellesimagesphotographies.com\/wp-content\/uploads\/2022\/07\/FXT35932_21_mai_2022-110x110.jpg 110w, https:\/\/www.bellesimagesphotographies.com\/wp-content\/uploads\/2022\/07\/FXT35932_21_mai_2022-420x420.jpg 420w\" sizes=\"auto, (max-width: 180px) 100vw, 180px\" \/><\/a><br \/>\n<a href=\"https:\/\/www.bellesimagesphotographies.com\/index.php\/image\/zs-madrid\/\"><font color=\"#000099\">Madrid<\/a><\/td>\n<\/tr>\n<tr class=\"row-8\">\n\t<td class=\"column-1\"><a href=\"https:\/\/www.bellesimagesphotographies.com\/index.php\/image\/zs-lisbonne\/\"><img loading=\"lazy\" decoding=\"async\" src=\"https:\/\/www.bellesimagesphotographies.com\/wp-content\/uploads\/2022\/07\/FUJI6999_31_mai_2022-250x250.jpg\" alt=\"\" width=\"180\" height=\"180\" class=\"alignnone size-thumbnail wp-image-5048\" srcset=\"https:\/\/www.bellesimagesphotographies.com\/wp-content\/uploads\/2022\/07\/FUJI6999_31_mai_2022-250x250.jpg 250w, https:\/\/www.bellesimagesphotographies.com\/wp-content\/uploads\/2022\/07\/FUJI6999_31_mai_2022-125x125.jpg 125w, https:\/\/www.bellesimagesphotographies.com\/wp-content\/uploads\/2022\/07\/FUJI6999_31_mai_2022-110x110.jpg 110w, https:\/\/www.bellesimagesphotographies.com\/wp-content\/uploads\/2022\/07\/FUJI6999_31_mai_2022-420x420.jpg 420w\" sizes=\"auto, (max-width: 180px) 100vw, 180px\" \/><\/a><br \/>\n<a href=\"https:\/\/www.bellesimagesphotographies.com\/index.php\/image\/zs-lisbonne\/\"><font color=\"#000099\">Lisbonne<\/a><\/td><td class=\"column-2\"><a href=\"https:\/\/www.bellesimagesphotographies.com\/index.php\/image\/zs-ludivine-couleur\/\"><img loading=\"lazy\" decoding=\"async\" src=\"https:\/\/www.bellesimagesphotographies.com\/wp-content\/uploads\/2022\/02\/FXT34152_nov.-14-2021_JPEG-2048px-pour-utilisation-web-1-250x250.jpg\" alt=\"\" width=\"180\" height=\"180\" class=\"alignnone size-thumbnail wp-image-4511\" srcset=\"https:\/\/www.bellesimagesphotographies.com\/wp-content\/uploads\/2022\/02\/FXT34152_nov.-14-2021_JPEG-2048px-pour-utilisation-web-1-250x250.jpg 250w, https:\/\/www.bellesimagesphotographies.com\/wp-content\/uploads\/2022\/02\/FXT34152_nov.-14-2021_JPEG-2048px-pour-utilisation-web-1-300x300.jpg 300w, https:\/\/www.bellesimagesphotographies.com\/wp-content\/uploads\/2022\/02\/FXT34152_nov.-14-2021_JPEG-2048px-pour-utilisation-web-1-1024x1024.jpg 1024w, https:\/\/www.bellesimagesphotographies.com\/wp-content\/uploads\/2022\/02\/FXT34152_nov.-14-2021_JPEG-2048px-pour-utilisation-web-1-768x768.jpg 768w, https:\/\/www.bellesimagesphotographies.com\/wp-content\/uploads\/2022\/02\/FXT34152_nov.-14-2021_JPEG-2048px-pour-utilisation-web-1-1536x1536.jpg 1536w, https:\/\/www.bellesimagesphotographies.com\/wp-content\/uploads\/2022\/02\/FXT34152_nov.-14-2021_JPEG-2048px-pour-utilisation-web-1.jpg 2048w, https:\/\/www.bellesimagesphotographies.com\/wp-content\/uploads\/2022\/02\/FXT34152_nov.-14-2021_JPEG-2048px-pour-utilisation-web-1-125x125.jpg 125w, https:\/\/www.bellesimagesphotographies.com\/wp-content\/uploads\/2022\/02\/FXT34152_nov.-14-2021_JPEG-2048px-pour-utilisation-web-1-110x110.jpg 110w, https:\/\/www.bellesimagesphotographies.com\/wp-content\/uploads\/2022\/02\/FXT34152_nov.-14-2021_JPEG-2048px-pour-utilisation-web-1-420x420.jpg 420w, https:\/\/www.bellesimagesphotographies.com\/wp-content\/uploads\/2022\/02\/FXT34152_nov.-14-2021_JPEG-2048px-pour-utilisation-web-1-430x430.jpg 430w\" sizes=\"auto, (max-width: 180px) 100vw, 180px\" \/><\/a><br \/>\n<a href=\"https:\/\/www.bellesimagesphotographies.com\/index.php\/image\/zs-ludivine-couleur\/\"><font color=\"#000099\">Ludivine (Couleur)<\/a><\/td><td class=\"column-3\"><a href=\"https:\/\/www.bellesimagesphotographies.com\/index.php\/image\/zs-ludivine-noir-blanc\/\"><img loading=\"lazy\" decoding=\"async\" src=\"https:\/\/www.bellesimagesphotographies.com\/wp-content\/uploads\/2022\/08\/0119-1-Pensee_Cadre-250x250.jpg\" alt=\"\" width=\"180\" height=\"180\" class=\"alignnone size-thumbnail wp-image-5095\" \/><\/a><br \/>\n<a href=\"https:\/\/www.bellesimagesphotographies.com\/index.php\/image\/zs-ludivine-noir-blanc\/\"><font color=\"#000099\">Ludivine (Noir &amp; Blanc)<\/a><\/td>\n<\/tr>\n<tr class=\"row-9\">\n\t<td class=\"column-1\"><a href=\"https:\/\/www.bellesimagesphotographies.com\/index.php\/image\/zs-fashion-night-couture-2021\/\"><img loading=\"lazy\" decoding=\"async\" src=\"https:\/\/www.bellesimagesphotographies.com\/wp-content\/uploads\/2022\/03\/FXT32694_sept.-29-2021_JPEG-2048px-pour-utilisation-web-250x250.jpg\" alt=\"\" width=\"180\" height=\"180\" class=\"alignnone size-thumbnail wp-image-4628\" \/><\/a><br \/>\n<a href=\"https:\/\/www.bellesimagesphotographies.com\/index.php\/image\/zs-fashion-night-couture-2021\/\"><font color=\"#000099\">Fashion Night Couture 2021<\/a><\/td><td class=\"column-2\"><a href=\"https:\/\/www.bellesimagesphotographies.com\/index.php\/image\/zs-soiree-culture-et-traditions-doutre-mer\/\"><img loading=\"lazy\" decoding=\"async\" src=\"https:\/\/www.bellesimagesphotographies.com\/wp-content\/uploads\/2022\/03\/FUJI2194_mars-06-2022_JPEG-2048px-pour-utilisation-web-250x250.jpg\" alt=\"\" width=\"180\" height=\"180\" class=\"alignnone size-thumbnail wp-image-4705\" srcset=\"https:\/\/www.bellesimagesphotographies.com\/wp-content\/uploads\/2022\/03\/FUJI2194_mars-06-2022_JPEG-2048px-pour-utilisation-web-250x250.jpg 250w, https:\/\/www.bellesimagesphotographies.com\/wp-content\/uploads\/2022\/03\/FUJI2194_mars-06-2022_JPEG-2048px-pour-utilisation-web-125x125.jpg 125w, https:\/\/www.bellesimagesphotographies.com\/wp-content\/uploads\/2022\/03\/FUJI2194_mars-06-2022_JPEG-2048px-pour-utilisation-web-110x110.jpg 110w, https:\/\/www.bellesimagesphotographies.com\/wp-content\/uploads\/2022\/03\/FUJI2194_mars-06-2022_JPEG-2048px-pour-utilisation-web-420x420.jpg 420w\" sizes=\"auto, (max-width: 180px) 100vw, 180px\" \/><br \/>\n<a href=\"https:\/\/www.bellesimagesphotographies.com\/index.php\/image\/zs-soiree-culture-et-traditions-doutre-mer\/\"><font color=\"#000099\">Soir\u00e9e Culture &amp; Traditions d'Outre-Mer<\/a><\/td><td class=\"column-3\"><a href=\"https:\/\/www.bellesimagesphotographies.com\/index.php\/image\/zs-soiree-boeuf-jazz-juin-2021\/\"><img loading=\"lazy\" decoding=\"async\" src=\"https:\/\/www.bellesimagesphotographies.com\/wp-content\/uploads\/2021\/06\/FXT20973_juin-26-2021_JPEG-Optimise-Instagram-250x250.jpg\" alt=\"\" width=\"180\" height=\"180\" class=\"alignnone size-thumbnail wp-image-4024\" srcset=\"https:\/\/www.bellesimagesphotographies.com\/wp-content\/uploads\/2021\/06\/FXT20973_juin-26-2021_JPEG-Optimise-Instagram-250x250.jpg 250w, https:\/\/www.bellesimagesphotographies.com\/wp-content\/uploads\/2021\/06\/FXT20973_juin-26-2021_JPEG-Optimise-Instagram-125x125.jpg 125w, https:\/\/www.bellesimagesphotographies.com\/wp-content\/uploads\/2021\/06\/FXT20973_juin-26-2021_JPEG-Optimise-Instagram-110x110.jpg 110w, https:\/\/www.bellesimagesphotographies.com\/wp-content\/uploads\/2021\/06\/FXT20973_juin-26-2021_JPEG-Optimise-Instagram-420x420.jpg 420w\" sizes=\"auto, (max-width: 180px) 100vw, 180px\" \/><\/a><br \/>\n<a href=\"https:\/\/www.bellesimagesphotographies.com\/index.php\/image\/zs-soiree-boeuf-jazz-juin-2021\/\"><font color=\"#000099\">Soir\u00e9e Boeuf Jazz juin 2021<\/a><\/td>\n<\/tr>\n<tr class=\"row-10\">\n\t<td class=\"column-1\"><a href=\"https:\/\/www.bellesimagesphotographies.com\/index.php\/image\/zs-soiree-boeuf-jazz-novembre-2021\/\"><img loading=\"lazy\" decoding=\"async\" src=\"https:\/\/www.bellesimagesphotographies.com\/wp-content\/uploads\/2022\/02\/FUJI0701_fevr.-17-2022_JPEG-2048px-pour-utilisation-web-1-250x250.jpg\" alt=\"\" width=\"180\" height=\"180\" class=\"alignnone size-thumbnail wp-image-4458\" srcset=\"https:\/\/www.bellesimagesphotographies.com\/wp-content\/uploads\/2022\/02\/FUJI0701_fevr.-17-2022_JPEG-2048px-pour-utilisation-web-1-250x250.jpg 250w, https:\/\/www.bellesimagesphotographies.com\/wp-content\/uploads\/2022\/02\/FUJI0701_fevr.-17-2022_JPEG-2048px-pour-utilisation-web-1-125x125.jpg 125w, https:\/\/www.bellesimagesphotographies.com\/wp-content\/uploads\/2022\/02\/FUJI0701_fevr.-17-2022_JPEG-2048px-pour-utilisation-web-1-110x110.jpg 110w, https:\/\/www.bellesimagesphotographies.com\/wp-content\/uploads\/2022\/02\/FUJI0701_fevr.-17-2022_JPEG-2048px-pour-utilisation-web-1-420x420.jpg 420w\" sizes=\"auto, (max-width: 180px) 100vw, 180px\" \/><\/a><br \/>\n<a href=\"https:\/\/www.bellesimagesphotographies.com\/index.php\/image\/zs-soiree-boeuf-jazz-novembre-2021\/\"><font color=\"#000099\">Soir\u00e9e Boeuf Jazz \u2013 Novembre 2021<\/a><\/td><td class=\"column-2\"><a href=\"https:\/\/www.bellesimagesphotographies.com\/index.php\/image\/zs-boeuf-jazz-fevrier-2022\/\"><img loading=\"lazy\" decoding=\"async\" src=\"https:\/\/www.bellesimagesphotographies.com\/wp-content\/uploads\/2021\/06\/FXT21096_juin-26-2021_JPEG-Optimise-Instagram-1-250x250.jpg\" alt=\"\" width=\"180\" height=\"180\" class=\"alignnone size-thumbnail wp-image-4067\" srcset=\"https:\/\/www.bellesimagesphotographies.com\/wp-content\/uploads\/2021\/06\/FXT21096_juin-26-2021_JPEG-Optimise-Instagram-1-250x250.jpg 250w, https:\/\/www.bellesimagesphotographies.com\/wp-content\/uploads\/2021\/06\/FXT21096_juin-26-2021_JPEG-Optimise-Instagram-1-125x125.jpg 125w, https:\/\/www.bellesimagesphotographies.com\/wp-content\/uploads\/2021\/06\/FXT21096_juin-26-2021_JPEG-Optimise-Instagram-1-110x110.jpg 110w, https:\/\/www.bellesimagesphotographies.com\/wp-content\/uploads\/2021\/06\/FXT21096_juin-26-2021_JPEG-Optimise-Instagram-1-420x420.jpg 420w\" sizes=\"auto, (max-width: 180px) 100vw, 180px\" \/><br \/>\n<a href=\"https:\/\/www.bellesimagesphotographies.com\/index.php\/image\/zs-boeuf-jazz-fevrier-2022\/\"><font color=\"#000099\">Soir\u00e9e Boeuf Jazz \u2013 F\u00e9vrier 2022<\/a><\/td><td class=\"column-3\"><a href=\"https:\/\/www.bellesimagesphotographies.com\/index.php\/image\/zs-boeuf-jazz-Novembre-2022\/\"><img loading=\"lazy\" decoding=\"async\" src=\"https:\/\/www.bellesimagesphotographies.com\/wp-content\/uploads\/2022\/11\/FUJI2453_10_novembre_2022_11_C-250x250.jpg\" alt=\"\" width=\"180\" height=\"180\" class=\"alignnone size-thumbnail wp-image-4067\" \/><br \/>\n<a href=\"https:\/\/www.bellesimagesphotographies.com\/index.php\/image\/zs-boeuf-jazz-Novembre-2022\/\"><font color=\"#000099\">Soir\u00e9e Boeuf Jazz \u2013 Novembre 2022<\/a><\/td>\n<\/tr>\n<\/tbody>\n<\/table>\n<!-- #tablepress-12 from cache -->\n\n\n\n<div class=\"wp-block-columns is-layout-flex wp-container-core-columns-is-layout-9d6595d7 wp-block-columns-is-layout-flex\">\n<div class=\"wp-block-column is-layout-flow wp-block-column-is-layout-flow\" style=\"flex-basis:100%\">\n<div class=\"wp-block-group\"><div class=\"wp-block-group__inner-container is-layout-flow wp-block-group-is-layout-flow\"><\/div><\/div>\n<\/div>\n<\/div>\n\n\n\n<p><\/p>\n","protected":false},"excerpt":{"rendered":"","protected":false},"author":77,"featured_media":0,"parent":30,"menu_order":0,"comment_status":"closed","ping_status":"closed","template":"","meta":{"footnotes":""},"class_list":["post-2480","page","type-page","status-publish","hentry"],"_links":{"self":[{"href":"https:\/\/www.bellesimagesphotographies.com\/index.php\/wp-json\/wp\/v2\/pages\/2480","targetHints":{"allow":["GET"]}}],"collection":[{"href":"https:\/\/www.bellesimagesphotographies.com\/index.php\/wp-json\/wp\/v2\/pages"}],"about":[{"href":"https:\/\/www.bellesimagesphotographies.com\/index.php\/wp-json\/wp\/v2\/types\/page"}],"author":[{"embeddable":true,"href":"https:\/\/www.bellesimagesphotographies.com\/index.php\/wp-json\/wp\/v2\/users\/77"}],"replies":[{"embeddable":true,"href":"https:\/\/www.bellesimagesphotographies.com\/index.php\/wp-json\/wp\/v2\/comments?post=2480"}],"version-history":[{"count":9,"href":"https:\/\/www.bellesimagesphotographies.com\/index.php\/wp-json\/wp\/v2\/pages\/2480\/revisions"}],"predecessor-version":[{"id":5918,"href":"https:\/\/www.bellesimagesphotographies.com\/index.php\/wp-json\/wp\/v2\/pages\/2480\/revisions\/5918"}],"up":[{"embeddable":true,"href":"https:\/\/www.bellesimagesphotographies.com\/index.php\/wp-json\/wp\/v2\/pages\/30"}],"wp:attachment":[{"href":"https:\/\/www.bellesimagesphotographies.com\/index.php\/wp-json\/wp\/v2\/media?parent=2480"}],"curies":[{"name":"wp","href":"https:\/\/api.w.org\/{rel}","templated":true}]}}