{"id":28,"date":"2018-02-19T23:36:18","date_gmt":"2018-02-19T22:36:18","guid":{"rendered":"http:\/\/www.bellesimagesphotographies.com\/?page_id=28"},"modified":"2026-03-08T13:06:25","modified_gmt":"2026-03-08T12:06:25","slug":"nous-rejoindre","status":"publish","type":"page","link":"https:\/\/www.bellesimagesphotographies.com\/index.php\/nous-rejoindre\/","title":{"rendered":"Nous rejoindre"},"content":{"rendered":"<p><strong>Vous pouvez nous rejoindre tous les lundis soir \u00e0 partir de 19h30 au local du Club des Belles Images : Centre Culturel Simone Veil, Bureau N\u00b05 \/ B\u00e2timent F \/ \u00c9tage: R+1<\/strong><\/p>\n<p><strong>1 rue Giraudon, 95200 Sarcelles.<\/strong> Pour toute information concernant les activit\u00e9s du club photo, contactez-nous par e-mail : martial.photo001@gmail.com<\/p>\n<p>Le club permet \u00e0 toutes les personnes souhaitant d\u00e9couvrir son fonctionnement de participer \u00e0 trois r\u00e9unions gratuitement. Au del\u00e0, il faudra faire un choix.<\/p>\n<p>L&rsquo;adh\u00e9sion <strong>(obligatoire)<\/strong> au Club de Photographie co\u00fbte <strong>40\u20ac<\/strong> pour l&rsquo;ann\u00e9e.<\/p>\n<p>L&rsquo;adh\u00e9sion \u00e0 la F\u00e9d\u00e9ration Photographique de France <strong>(facultative)<\/strong> co\u00fbte pour les <strong>moins de 18 ans 5\u20ac, de 18 \u00e0 25 ans 20\u20ac, plus de 25 ans 40\u20ac <\/strong>pour l&rsquo;ann\u00e9e.<\/p>\n<p>Nous suivons le fonctionnement des ann\u00e9es scolaires. L\u2019adh\u00e9sion vaut donc du 1er Septembre au 31 Ao\u00fbt.<\/p>\n\n\n<p class=\"has-vivid-green-cyan-color has-text-color has-link-color has-medium-font-size wp-elements-f476e5b06443436ad6aea79e37f8c216\"><strong>5 mn \u00e0 pied de l&rsquo;arr\u00eat du bus 133 Galvani-Voltaire<\/strong><\/p>\n\n\n\n<p class=\"has-text-align-left has-vivid-cyan-blue-color has-white-background-color has-text-color has-background has-link-color has-medium-font-size wp-elements-29c189fa8cf985d5d7cf5c62a7e9b38a\"><strong>8 mn \u00e0 pied de la Gare de Sarcelles-Saint-Brice-sous-For\u00eat<\/strong><\/p>\n\n\n\n<figure class=\"wp-block-image size-large\"><img loading=\"lazy\" decoding=\"async\" width=\"1024\" height=\"544\" src=\"https:\/\/www.bellesimagesphotographies.com\/wp-content\/uploads\/2025\/10\/1-rue-Giraudon-95200-Sarcelles-1024x544.jpeg\" alt=\"\" class=\"wp-image-11733\" srcset=\"https:\/\/www.bellesimagesphotographies.com\/wp-content\/uploads\/2025\/10\/1-rue-Giraudon-95200-Sarcelles-1024x544.jpeg 1024w, https:\/\/www.bellesimagesphotographies.com\/wp-content\/uploads\/2025\/10\/1-rue-Giraudon-95200-Sarcelles-300x159.jpeg 300w, https:\/\/www.bellesimagesphotographies.com\/wp-content\/uploads\/2025\/10\/1-rue-Giraudon-95200-Sarcelles-768x408.jpeg 768w, https:\/\/www.bellesimagesphotographies.com\/wp-content\/uploads\/2025\/10\/1-rue-Giraudon-95200-Sarcelles-1536x816.jpeg 1536w, https:\/\/www.bellesimagesphotographies.com\/wp-content\/uploads\/2025\/10\/1-rue-Giraudon-95200-Sarcelles-110x58.jpeg 110w, https:\/\/www.bellesimagesphotographies.com\/wp-content\/uploads\/2025\/10\/1-rue-Giraudon-95200-Sarcelles-420x223.jpeg 420w, https:\/\/www.bellesimagesphotographies.com\/wp-content\/uploads\/2025\/10\/1-rue-Giraudon-95200-Sarcelles-770x409.jpeg 770w, https:\/\/www.bellesimagesphotographies.com\/wp-content\/uploads\/2025\/10\/1-rue-Giraudon-95200-Sarcelles.jpeg 1808w\" sizes=\"auto, (max-width: 1024px) 100vw, 1024px\" \/><\/figure>\n","protected":false},"excerpt":{"rendered":"<p>Vous pouvez nous rejoindre tous les lundis soir \u00e0 partir de 19h30 au local du Club des Belles Images : Centre Culturel Simone Veil, Bureau N\u00b05 \/ B\u00e2timent F \/ \u00c9tage: R+1 1 rue Giraudon, 95200 Sarcelles. Pour toute information concernant les activit\u00e9s du club photo, contactez-nous par e-mail : martial.photo001@gmail.com Le club permet \u00e0 [&hellip;]<\/p>\n","protected":false},"author":1,"featured_media":0,"parent":0,"menu_order":0,"comment_status":"closed","ping_status":"closed","template":"","meta":{"footnotes":""},"class_list":["post-28","page","type-page","status-publish","hentry"],"_links":{"self":[{"href":"https:\/\/www.bellesimagesphotographies.com\/index.php\/wp-json\/wp\/v2\/pages\/28","targetHints":{"allow":["GET"]}}],"collection":[{"href":"https:\/\/www.bellesimagesphotographies.com\/index.php\/wp-json\/wp\/v2\/pages"}],"about":[{"href":"https:\/\/www.bellesimagesphotographies.com\/index.php\/wp-json\/wp\/v2\/types\/page"}],"author":[{"embeddable":true,"href":"https:\/\/www.bellesimagesphotographies.com\/index.php\/wp-json\/wp\/v2\/users\/1"}],"replies":[{"embeddable":true,"href":"https:\/\/www.bellesimagesphotographies.com\/index.php\/wp-json\/wp\/v2\/comments?post=28"}],"version-history":[{"count":47,"href":"https:\/\/www.bellesimagesphotographies.com\/index.php\/wp-json\/wp\/v2\/pages\/28\/revisions"}],"predecessor-version":[{"id":12196,"href":"https:\/\/www.bellesimagesphotographies.com\/index.php\/wp-json\/wp\/v2\/pages\/28\/revisions\/12196"}],"wp:attachment":[{"href":"https:\/\/www.bellesimagesphotographies.com\/index.php\/wp-json\/wp\/v2\/media?parent=28"}],"curies":[{"name":"wp","href":"https:\/\/api.w.org\/{rel}","templated":true}]}}