{"id":82,"date":"2018-02-20T10:30:13","date_gmt":"2018-02-20T09:30:13","guid":{"rendered":"http:\/\/www.bellesimagesphotographies.com\/?page_id=82"},"modified":"2021-03-03T11:27:32","modified_gmt":"2021-03-03T10:27:32","slug":"alix-colette","status":"publish","type":"page","link":"https:\/\/www.bellesimagesphotographies.com\/index.php\/les-membres\/alix-colette\/","title":{"rendered":"Alix Colette"},"content":{"rendered":"<blockquote><p>Colette est avec son ami Claude, membre des Belles Images depuis mars 1991. la naissance de leur fille &#8211; Pauline &#8211; en d\u00e9cembre 1992, les consacrera comme le plus fameux trio de la photographie.<\/p>\n<p>Un dialogue avec Colette s&rsquo;annonce toujours sous les meilleurs auspices. Un grand \u00e9clat de rire ponctue chacune de ses phrases et on sait de prime abord, que l&rsquo;optimisme doit \u00eatre de rigueur. Comme Colette l&rsquo;affirmait dans notre journal &#8211; le BIP &#8211; sa raison premi\u00e8re d&rsquo;avoir rejoint le CBI est de voir de belles images et rencontrer des gens qui aiment la photographie. O\u00f9 donc hormis, au CLUB des BELLES IMAGES, rencontrer les dignes h\u00e9ritiers de NIEPCE ? Colette a su nous apporter son regard, sa personnalit\u00e9, sa sensibilit\u00e9 f\u00e9minines. A vrai dire, notre amie ne fait pas des photos sensationnelles. Sensationnelles dans le sens de la sensation, de voyeurisme; du sang \u00e0 la une, c&rsquo;est pas son truc! D&rsquo;ailleurs, il n&rsquo;existe pas de f\u00e9minin \u00e0 \u00ab\u00a0paparazzi\u00a0\u00bb, ce qui devrait satisfaire Mme. la ministre Segol\u00e9ne Royal !<\/p>\n<p>Colette \u00e0 l&rsquo;instar de son ma\u00eetre, Henri Cartier Bresson, capte des moments de vie, des petits rien saisis \u00e0 l&rsquo;instant d\u00e9cisif o\u00f9 elle laisse libre cours \u00e0 sa photographie de l&rsquo;\u00e9motion. On voit, on sait, on sent qu&rsquo;elle aime ind\u00e9niablement les gens, puisque l&rsquo;\u00e9l\u00e9ment humain est toujours le point fort dans la constitution de ses images. Elle a d&rsquo;ailleurs remport\u00e9 en d\u00e9cembre 1997, la \u00ab\u00a0M\u00e9daille de l&rsquo;Humain\u00a0\u00bb avec une photo d&rsquo;un paysan de l&rsquo;Aubrac \u00e0 la coupe de France de photographie. Cela n&rsquo;a pas \u00e9t\u00e9 d\u00fb au hasard, mais \u00e0 son seul talent. Talent et travail dont feraient bien de s&rsquo;inspirer les jeunes filles &#8211; et les messieurs aussi &#8211; qui passent en coup de vent aux Belles images. N&rsquo; oublions pas que Colette est femme, m\u00e8re, enseignante et photographe passionn\u00e9e. Un contre-alibi pour ceux qui n&rsquo;ont que la grisaille de leurs p\u00e2les arguments \u00e0 offrir !<\/p><\/blockquote>\n\n<table id=\"tablepress-8\" class=\"tablepress tablepress-id-8\">\n<thead>\n<tr class=\"row-1\">\n\t<th class=\"column-1\"><a href=\"https:\/\/www.bellesimagesphotographies.com\/index.php\/image\/ac-journee-de-la-femme\/\">Journ\u00e9e de la Femme<\/a><\/th><th class=\"column-2\"><a href=\"https:\/\/www.bellesimagesphotographies.com\/index.php\/image\/ac-maroc\/\">Maroc<\/a><\/th>\n<\/tr>\n<\/thead>\n<tbody class=\"row-striping row-hover\">\n<tr class=\"row-2\">\n\t<td class=\"column-1\"><a href=\"https:\/\/www.bellesimagesphotographies.com\/index.php\/image\/ac-karnataka-en-inde-2012\/\">Karnataka en Inde 2012<\/a><\/td><td class=\"column-2\"><a href=\"https:\/\/www.bellesimagesphotographies.com\/index.php\/image\/ac-circulation-et-moyens-de-transports-en-inde-du-sud-le-karnataka\/\" rel=\"noopener\" target=\"_blank\">Circulation et moyens de transports en Inde du sud: le Karnataka<\/a><\/td>\n<\/tr>\n<tr class=\"row-3\">\n\t<td class=\"column-1\"><a href=\"https:\/\/www.bellesimagesphotographies.com\/index.php\/image\/ac-portraits-noir-blanc\/\">Portraits Noir &amp; Blanc<\/a><\/td><td class=\"column-2\"><a href=\"https:\/\/www.bellesimagesphotographies.com\/index.php\/2021\/03\/26\/ac-cuba\/\">CUBA et ses Voitures<\/a><\/td>\n<\/tr>\n<tr class=\"row-4\">\n\t<td class=\"column-1\"><a href=\"https:\/\/www.bellesimagesphotographies.com\/index.php\/image\/ca-visa-pour-limage-2023\/\">VISA POUR L\u2019IMAGE 2023<\/a><\/td><td class=\"column-2\"><\/td>\n<\/tr>\n<tr class=\"row-5\">\n\t<td class=\"column-1\"><\/td><td class=\"column-2\"><\/td>\n<\/tr>\n<\/tbody>\n<\/table>\n<!-- #tablepress-8 from cache -->\n","protected":false},"excerpt":{"rendered":"<p>Colette est avec son ami Claude, membre des Belles Images depuis mars 1991. la naissance de leur fille &#8211; Pauline &#8211; en d\u00e9cembre 1992, les consacrera comme le plus fameux trio de la photographie. Un dialogue avec Colette s&rsquo;annonce toujours sous les meilleurs auspices. Un grand \u00e9clat de rire ponctue chacune de ses phrases et [&hellip;]<\/p>\n","protected":false},"author":13,"featured_media":0,"parent":30,"menu_order":0,"comment_status":"closed","ping_status":"closed","template":"","meta":{"footnotes":""},"class_list":["post-82","page","type-page","status-publish","hentry"],"_links":{"self":[{"href":"https:\/\/www.bellesimagesphotographies.com\/index.php\/wp-json\/wp\/v2\/pages\/82","targetHints":{"allow":["GET"]}}],"collection":[{"href":"https:\/\/www.bellesimagesphotographies.com\/index.php\/wp-json\/wp\/v2\/pages"}],"about":[{"href":"https:\/\/www.bellesimagesphotographies.com\/index.php\/wp-json\/wp\/v2\/types\/page"}],"author":[{"embeddable":true,"href":"https:\/\/www.bellesimagesphotographies.com\/index.php\/wp-json\/wp\/v2\/users\/13"}],"replies":[{"embeddable":true,"href":"https:\/\/www.bellesimagesphotographies.com\/index.php\/wp-json\/wp\/v2\/comments?post=82"}],"version-history":[{"count":9,"href":"https:\/\/www.bellesimagesphotographies.com\/index.php\/wp-json\/wp\/v2\/pages\/82\/revisions"}],"predecessor-version":[{"id":2116,"href":"https:\/\/www.bellesimagesphotographies.com\/index.php\/wp-json\/wp\/v2\/pages\/82\/revisions\/2116"}],"up":[{"embeddable":true,"href":"https:\/\/www.bellesimagesphotographies.com\/index.php\/wp-json\/wp\/v2\/pages\/30"}],"wp:attachment":[{"href":"https:\/\/www.bellesimagesphotographies.com\/index.php\/wp-json\/wp\/v2\/media?parent=82"}],"curies":[{"name":"wp","href":"https:\/\/api.w.org\/{rel}","templated":true}]}}