{"id":84,"date":"2018-02-20T10:30:44","date_gmt":"2018-02-20T09:30:44","guid":{"rendered":"http:\/\/www.bellesimagesphotographies.com\/?page_id=84"},"modified":"2020-01-29T22:23:35","modified_gmt":"2020-01-29T21:23:35","slug":"barjeron-arthaud","status":"publish","type":"page","link":"https:\/\/www.bellesimagesphotographies.com\/index.php\/les-membres\/barjeron-arthaud\/","title":{"rendered":"Barjeron Arthaud"},"content":{"rendered":"<h1 style=\"text-align: left;\"><strong>Nous sommes de la m\u00eame \u00e9toffe que les songes, tout le monde sait cela<br \/>\n<\/strong><\/h1>\n<p><strong>A<\/strong>insi la nuit est du domaine du r\u00eave et parfois des fantasmes d&rsquo;o\u00f9 les formes \u00e9mergent dans le jeu trouble du masque des formes qui tour \u00e0 tour voilent et se d\u00e9voilent crues et pudiques.<\/p>\n<p>Aux r\u00eaveurs de la nuit qui savent rever les yeux ouverts !<\/p>\n<p>&nbsp;<\/p>\n<p><img loading=\"lazy\" decoding=\"async\" class=\"alignnone size-medium wp-image-835\" src=\"http:\/\/www.bellesimagesphotographies.com\/wp-content\/uploads\/2020\/01\/0096-1-300x191.jpg\" alt=\"\" width=\"300\" height=\"191\" srcset=\"https:\/\/www.bellesimagesphotographies.com\/wp-content\/uploads\/2020\/01\/0096-1-300x191.jpg 300w, https:\/\/www.bellesimagesphotographies.com\/wp-content\/uploads\/2020\/01\/0096-1-768x490.jpg 768w, https:\/\/www.bellesimagesphotographies.com\/wp-content\/uploads\/2020\/01\/0096-1-1024x653.jpg 1024w, https:\/\/www.bellesimagesphotographies.com\/wp-content\/uploads\/2020\/01\/0096-1-110x70.jpg 110w, https:\/\/www.bellesimagesphotographies.com\/wp-content\/uploads\/2020\/01\/0096-1-420x268.jpg 420w, https:\/\/www.bellesimagesphotographies.com\/wp-content\/uploads\/2020\/01\/0096-1-674x430.jpg 674w\" sizes=\"auto, (max-width: 300px) 100vw, 300px\" \/><\/p>\n<p><img loading=\"lazy\" decoding=\"async\" class=\"alignnone size-medium wp-image-834\" src=\"http:\/\/www.bellesimagesphotographies.com\/wp-content\/uploads\/2020\/01\/0096-2-208x300.jpg\" alt=\"\" width=\"208\" height=\"300\" srcset=\"https:\/\/www.bellesimagesphotographies.com\/wp-content\/uploads\/2020\/01\/0096-2-208x300.jpg 208w, https:\/\/www.bellesimagesphotographies.com\/wp-content\/uploads\/2020\/01\/0096-2-768x1105.jpg 768w, https:\/\/www.bellesimagesphotographies.com\/wp-content\/uploads\/2020\/01\/0096-2-712x1024.jpg 712w, https:\/\/www.bellesimagesphotographies.com\/wp-content\/uploads\/2020\/01\/0096-2-76x110.jpg 76w, https:\/\/www.bellesimagesphotographies.com\/wp-content\/uploads\/2020\/01\/0096-2-292x420.jpg 292w, https:\/\/www.bellesimagesphotographies.com\/wp-content\/uploads\/2020\/01\/0096-2-299x430.jpg 299w\" sizes=\"auto, (max-width: 208px) 100vw, 208px\" \/><\/p>\n<p><img loading=\"lazy\" decoding=\"async\" class=\"alignnone size-medium wp-image-840\" src=\"http:\/\/www.bellesimagesphotographies.com\/wp-content\/uploads\/2020\/01\/nuit2-200x300.jpg\" alt=\"\" width=\"200\" height=\"300\" srcset=\"https:\/\/www.bellesimagesphotographies.com\/wp-content\/uploads\/2020\/01\/nuit2-200x300.jpg 200w, https:\/\/www.bellesimagesphotographies.com\/wp-content\/uploads\/2020\/01\/nuit2-768x1152.jpg 768w, https:\/\/www.bellesimagesphotographies.com\/wp-content\/uploads\/2020\/01\/nuit2-683x1024.jpg 683w, https:\/\/www.bellesimagesphotographies.com\/wp-content\/uploads\/2020\/01\/nuit2-250x375.jpg 250w, https:\/\/www.bellesimagesphotographies.com\/wp-content\/uploads\/2020\/01\/nuit2-73x110.jpg 73w, https:\/\/www.bellesimagesphotographies.com\/wp-content\/uploads\/2020\/01\/nuit2-280x420.jpg 280w, https:\/\/www.bellesimagesphotographies.com\/wp-content\/uploads\/2020\/01\/nuit2-287x430.jpg 287w, https:\/\/www.bellesimagesphotographies.com\/wp-content\/uploads\/2020\/01\/nuit2.jpg 900w\" sizes=\"auto, (max-width: 200px) 100vw, 200px\" \/><\/p>\n","protected":false},"excerpt":{"rendered":"<p>Nous sommes de la m\u00eame \u00e9toffe que les songes, tout le monde sait cela Ainsi la nuit est du domaine du r\u00eave et parfois des fantasmes d&rsquo;o\u00f9 les formes \u00e9mergent dans le jeu trouble du masque des formes qui tour \u00e0 tour voilent et se d\u00e9voilent crues et pudiques. Aux r\u00eaveurs de la nuit qui [&hellip;]<\/p>\n","protected":false},"author":11,"featured_media":0,"parent":30,"menu_order":0,"comment_status":"closed","ping_status":"closed","template":"","meta":{"footnotes":""},"class_list":["post-84","page","type-page","status-publish","hentry"],"_links":{"self":[{"href":"https:\/\/www.bellesimagesphotographies.com\/index.php\/wp-json\/wp\/v2\/pages\/84","targetHints":{"allow":["GET"]}}],"collection":[{"href":"https:\/\/www.bellesimagesphotographies.com\/index.php\/wp-json\/wp\/v2\/pages"}],"about":[{"href":"https:\/\/www.bellesimagesphotographies.com\/index.php\/wp-json\/wp\/v2\/types\/page"}],"author":[{"embeddable":true,"href":"https:\/\/www.bellesimagesphotographies.com\/index.php\/wp-json\/wp\/v2\/users\/11"}],"replies":[{"embeddable":true,"href":"https:\/\/www.bellesimagesphotographies.com\/index.php\/wp-json\/wp\/v2\/comments?post=84"}],"version-history":[{"count":8,"href":"https:\/\/www.bellesimagesphotographies.com\/index.php\/wp-json\/wp\/v2\/pages\/84\/revisions"}],"predecessor-version":[{"id":7613,"href":"https:\/\/www.bellesimagesphotographies.com\/index.php\/wp-json\/wp\/v2\/pages\/84\/revisions\/7613"}],"up":[{"embeddable":true,"href":"https:\/\/www.bellesimagesphotographies.com\/index.php\/wp-json\/wp\/v2\/pages\/30"}],"wp:attachment":[{"href":"https:\/\/www.bellesimagesphotographies.com\/index.php\/wp-json\/wp\/v2\/media?parent=84"}],"curies":[{"name":"wp","href":"https:\/\/api.w.org\/{rel}","templated":true}]}}