{"id":892,"date":"2020-02-25T19:07:43","date_gmt":"2020-02-25T18:07:43","guid":{"rendered":"http:\/\/www.bellesimagesphotographies.com\/?page_id=892"},"modified":"2024-02-25T22:37:58","modified_gmt":"2024-02-25T21:37:58","slug":"competitions-fdf","status":"publish","type":"page","link":"https:\/\/www.bellesimagesphotographies.com\/index.php\/competitions-fdf\/","title":{"rendered":"Comp\u00e9titions FPF"},"content":{"rendered":"<h2>2023<\/h2>\n<p style=\"padding-left: 40px;\"><span style=\"color: #3366ff;\"><a style=\"color: #3366ff;\" href=\"https:\/\/copain.federation-photo.fr\/webroot\/competitions\/classement_ur\/photos\/3296?numero=0768\">Les Olympiades<\/a><\/span><\/p>\n<p style=\"padding-left: 40px;\"><span style=\"color: #3366ff;\"><a style=\"color: #3366ff;\" href=\"https:\/\/copain.federation-photo.fr\/webroot\/competitions\/classement_ur\/photos\/2961?numero=0768\" target=\"_blank\" rel=\"noopener\">R\u00e9gional Papier Monochrome<\/a><\/span><\/p>\n<p style=\"padding-left: 40px;\"><span style=\"color: #3366ff;\"><a style=\"color: #3366ff;\" href=\"https:\/\/copain.federation-photo.fr\/webroot\/competitions\/classement_ur\/photos\/2962?numero=0768\" target=\"_blank\" rel=\"noopener\">R\u00e9gional Papier Couleur<\/a><\/span><\/p>\n<p style=\"padding-left: 40px;\"><span style=\"color: #3366ff;\"><a style=\"color: #3366ff;\" href=\"https:\/\/copain.federation-photo.fr\/webroot\/competitions\/classement_ur\/photos\/2964?numero=0768\" target=\"_blank\" rel=\"noopener\">R\u00e9gional Image Projet\u00e9e Couleur<\/a><\/span><\/p>\n<p style=\"padding-left: 40px;\"><a href=\"https:\/\/copain.federation-photo.fr\/webroot\/competitions\/classement_ur\/photos\/2963?numero=0768\" target=\"_blank\" rel=\"noopener\"><span style=\"color: #3366ff;\">R\u00e9gional Image Projet\u00e9e Monochrome<\/span><\/a><\/p>\n<p style=\"padding-left: 40px;\"><span style=\"color: #3366ff;\"><a style=\"color: #3366ff;\" href=\"https:\/\/copain.federation-photo.fr\/webroot\/competitions\/classement_ur\/photos\/2966?numero=0768\" target=\"_blank\" rel=\"noopener\">R\u00e9gional Nature Image Projet\u00e9e<\/a><\/span><\/p>\n<h3>2022<\/h3>\n<p style=\"padding-left: 40px;\"><span style=\"color: #3366ff;\"><a style=\"color: #3366ff;\" href=\"https:\/\/copain.federation-photo.fr\/webroot\/competitions\/classement_ur\/photos\/2675?numero=0768\" target=\"_blank\" rel=\"noopener\">R\u00e9gional Papier Monochrome<\/a><\/span><\/p>\n<p style=\"padding-left: 40px;\"><span style=\"color: #3366ff;\"><a style=\"color: #3366ff;\" href=\"https:\/\/copain.federation-photo.fr\/webroot\/competitions\/classement_ur\/photos\/2676?numero=0768\" target=\"_blank\" rel=\"noopener\">R\u00e9gional Papier Couleur<\/a><\/span><\/p>\n<p style=\"padding-left: 40px;\"><span style=\"color: #3366ff;\"><a style=\"color: #3366ff;\" href=\"https:\/\/copain.federation-photo.fr\/webroot\/competitions\/classement_ur\/photos\/2678?numero=0768\" target=\"_blank\" rel=\"noopener\">R\u00e9gional Image Projet\u00e9e Couleur<\/a><\/span><\/p>\n<h3>2021<\/h3>\n<p style=\"padding-left: 40px;\"><span style=\"color: #3366ff;\"><a style=\"color: #3366ff;\" href=\"https:\/\/copain.federation-photo.fr\/webroot\/competitions\/classement_ur\/photos\/2305?numero=0768\" target=\"_blank\" rel=\"noopener\">R\u00e9gional Papier Monochrome<\/a><\/span><\/p>\n<p style=\"padding-left: 40px;\"><span style=\"color: #3366ff;\"><a style=\"color: #3366ff;\" href=\"https:\/\/copain.federation-photo.fr\/webroot\/competitions\/classement_ur\/photos\/2306?numero=0768\" target=\"_blank\" rel=\"noopener\">R\u00e9gional Papier Couleur<\/a><\/span><\/p>\n<p style=\"padding-left: 40px;\"><span style=\"color: #3366ff;\"><a style=\"color: #3366ff;\" href=\"https:\/\/copain.federation-photo.fr\/webroot\/competitions\/classement_ur\/photos\/2307?numero=0768\" target=\"_blank\" rel=\"noopener\">R\u00e9gional Image Monochrome<\/a><\/span><\/p>\n<p style=\"padding-left: 40px;\"><span style=\"color: #3366ff;\"><a style=\"color: #3366ff;\" href=\"https:\/\/copain.federation-photo.fr\/webroot\/competitions\/classement_ur\/photos\/2308?numero=0768\" target=\"_blank\" rel=\"noopener\">R\u00e9gional Image Projet\u00e9e Couleur<\/a><\/span><\/p>\n<h3>2020<\/h3>\n<p style=\"padding-left: 40px;\"><span style=\"color: #3366ff;\"><a style=\"color: #3366ff;\" href=\"https:\/\/copain.federation-photo.fr\/webroot\/competitions\/classement_ur\/photos\/1989?numero=0768\" target=\"_blank\" rel=\"noopener\">R\u00e9gional Papier Monochrome<\/a><\/span><\/p>\n<p style=\"padding-left: 40px;\"><span style=\"color: #3366ff;\"><a style=\"color: #3366ff;\" href=\"https:\/\/copain.federation-photo.fr\/webroot\/competitions\/classement_ur\/photos\/1990?numero=0768\">R\u00e9gional Papier Couleur<\/a><\/span><\/p>\n<p style=\"padding-left: 40px;\"><span style=\"color: #3366ff;\"><a style=\"color: #3366ff;\" href=\"https:\/\/copain.federation-photo.fr\/webroot\/competitions\/classement_ur\/photos\/1991?numero=0768\" target=\"_blank\" rel=\"noopener\">R\u00e9gional Image Monochrome<\/a><\/span><\/p>\n<p style=\"padding-left: 40px;\"><span style=\"color: #3366ff;\"><a style=\"color: #3366ff;\" href=\"https:\/\/copain.federation-photo.fr\/webroot\/competitions\/classement_ur\/photos\/1992?numero=0768\" target=\"_blank\" rel=\"noopener\">R\u00e9gional Image Projet\u00e9e Couleur<\/a><\/span><\/p>\n<h3>2019<\/h3>\n<p style=\"padding-left: 40px;\"><span style=\"color: #3366ff;\"><a style=\"color: #3366ff;\" href=\"http:\/\/www.bellesimagesphotographies.com\/index.php\/competitions-fdf\/2019-regional-papier-monochrome\/\" rel=\"noopener noreferrer\">R\u00e9gional Papier Monochrome<\/a><\/span><\/p>\n<p style=\"padding-left: 40px;\"><span style=\"color: #3366ff;\"><a style=\"color: #3366ff;\" href=\"http:\/\/www.bellesimagesphotographies.com\/index.php\/2019-regional-image-papier-couleur\/\" rel=\"noopener noreferrer\">R\u00e9gional Papier Couleur<\/a><\/span><\/p>\n<p style=\"padding-left: 40px;\"><span style=\"color: #3366ff;\"><a style=\"color: #3366ff;\" href=\"http:\/\/www.bellesimagesphotographies.com\/index.php\/competitions-fdf\/2019-regional-image-projetee-monochrome\/\" rel=\"noopener noreferrer\">R\u00e9gional Image Projet\u00e9e Monochrome<\/a><\/span><\/p>\n<p style=\"padding-left: 40px;\"><span style=\"color: #3366ff;\"><a style=\"color: #3366ff;\" href=\"http:\/\/www.bellesimagesphotographies.com\/index.php\/competitions-fdf\/2019-regional-image-projetee-couleur\/\" rel=\"noopener noreferrer\">R\u00e9gional Image Projet\u00e9e Couleur<\/a><\/span><\/p>\n<p style=\"padding-left: 40px;\"><span style=\"color: #3366ff;\"><a style=\"color: #3366ff;\" href=\"http:\/\/www.bellesimagesphotographies.com\/index.php\/2019-regional-challenge-de-lamitie\" rel=\"noopener noreferrer\">R\u00e9gional Challenge de l&rsquo;Amiti\u00e9<\/a><\/span><\/p>\n<h3>2018<\/h3>\n<p style=\"padding-left: 40px;\"><span style=\"color: #3366ff;\"><a style=\"color: #3366ff;\" href=\"http:\/\/www.bellesimagesphotographies.com\/OldSite\/www.bellesimages.com\/galerie\/categories7b5a.html?cat_id=575\" target=\"_blank\" rel=\"noopener noreferrer\">R\u00e9gional Papier Monochrome<\/a><\/span><\/p>\n<p style=\"padding-left: 40px;\"><span style=\"color: #3366ff;\"><a style=\"color: #3366ff;\" href=\"http:\/\/www.bellesimagesphotographies.com\/OldSite\/www.bellesimages.com\/galerie\/categories6166.html?cat_id=573\" target=\"_blank\" rel=\"noopener noreferrer\">R\u00e9gional Papier Couleur<\/a><\/span><\/p>\n<p style=\"padding-left: 40px;\"><span style=\"color: #3366ff;\"><a style=\"color: #3366ff;\" href=\"http:\/\/www.bellesimagesphotographies.com\/OldSite\/www.bellesimages.com\/galerie\/categoriesf6eb.html?cat_id=581\" target=\"_blank\" rel=\"noopener noreferrer\">R\u00e9gional Image Projet\u00e9e Monochrome<\/a><\/span><\/p>\n<p style=\"padding-left: 40px;\"><span style=\"color: #3366ff;\"><a style=\"color: #3366ff;\" href=\"http:\/\/www.bellesimagesphotographies.com\/OldSite\/www.bellesimages.com\/galerie\/categories8984.html?cat_id=580\" target=\"_blank\" rel=\"noopener noreferrer\">R\u00e9gional Image Projet\u00e9e Nature<\/a><\/span><\/p>\n<p style=\"padding-left: 40px;\"><span style=\"color: #3366ff;\"><a style=\"color: #3366ff;\" href=\"http:\/\/www.bellesimagesphotographies.com\/OldSite\/www.bellesimages.com\/galerie\/categoriesc509.html?cat_id=572\" target=\"_blank\" rel=\"noopener noreferrer\">R\u00e9gional Image Projet\u00e9e Challenge de l&rsquo;Amiti\u00e9<\/a><\/span><\/p>\n<h3>2017<\/h3>\n<p style=\"padding-left: 40px;\"><span style=\"color: #3366ff;\"><a style=\"color: #3366ff;\" href=\"http:\/\/www.bellesimagesphotographies.com\/OldSite\/www.bellesimages.com\/galerie\/categories11ef.html?cat_id=542\" target=\"_blank\" rel=\"noopener noreferrer\">R\u00e9gional Papier Monochrome<\/a><\/span><\/p>\n<p style=\"padding-left: 40px;\"><span style=\"color: #3366ff;\"><a style=\"color: #3366ff;\" href=\"http:\/\/www.bellesimagesphotographies.com\/OldSite\/www.bellesimages.com\/galerie\/categories598d.html?cat_id=541\" target=\"_blank\" rel=\"noopener noreferrer\">R\u00e9gional Papier Couleur<\/a><\/span><\/p>\n<p style=\"padding-left: 40px;\"><span style=\"color: #3366ff;\"><a style=\"color: #3366ff;\" href=\"http:\/\/www.bellesimagesphotographies.com\/OldSite\/www.bellesimages.com\/galerie\/categories4547.html?cat_id=534\" target=\"_blank\" rel=\"noopener noreferrer\">R\u00e9gional Image Projet\u00e9e Monochrome<\/a><\/span><\/p>\n<p style=\"padding-left: 40px;\"><span style=\"color: #3366ff;\"><a style=\"color: #3366ff;\" href=\"http:\/\/www.bellesimagesphotographies.com\/OldSite\/www.bellesimages.com\/galerie\/categories86d5.html?cat_id=532\" target=\"_blank\" rel=\"noopener noreferrer\">R\u00e9gional Image Projet\u00e9e Couleur<\/a><\/span><\/p>\n<h5><span style=\"color: #3366ff;\"><a style=\"color: #3366ff;\" href=\"http:\/\/www.bellesimagesphotographies.com\/OldSite\/www.bellesimages.com\/galerie\/categories46e1.html?cat_id=306\">Archives des comp\u00e9titions (Ancien site)<\/a><\/span><\/h5>\n<p style=\"padding-left: 40px;\">\n","protected":false},"excerpt":{"rendered":"<p>2023 Les Olympiades R\u00e9gional Papier Monochrome R\u00e9gional Papier Couleur R\u00e9gional Image Projet\u00e9e Couleur R\u00e9gional Image Projet\u00e9e Monochrome R\u00e9gional Nature Image Projet\u00e9e 2022 R\u00e9gional Papier Monochrome R\u00e9gional Papier Couleur R\u00e9gional Image Projet\u00e9e Couleur 2021 R\u00e9gional Papier Monochrome R\u00e9gional Papier Couleur R\u00e9gional Image Monochrome R\u00e9gional Image Projet\u00e9e Couleur 2020 R\u00e9gional Papier Monochrome R\u00e9gional Papier Couleur R\u00e9gional Image [&hellip;]<\/p>\n","protected":false},"author":1,"featured_media":0,"parent":0,"menu_order":0,"comment_status":"closed","ping_status":"closed","template":"","meta":{"footnotes":""},"class_list":["post-892","page","type-page","status-publish","hentry"],"_links":{"self":[{"href":"https:\/\/www.bellesimagesphotographies.com\/index.php\/wp-json\/wp\/v2\/pages\/892","targetHints":{"allow":["GET"]}}],"collection":[{"href":"https:\/\/www.bellesimagesphotographies.com\/index.php\/wp-json\/wp\/v2\/pages"}],"about":[{"href":"https:\/\/www.bellesimagesphotographies.com\/index.php\/wp-json\/wp\/v2\/types\/page"}],"author":[{"embeddable":true,"href":"https:\/\/www.bellesimagesphotographies.com\/index.php\/wp-json\/wp\/v2\/users\/1"}],"replies":[{"embeddable":true,"href":"https:\/\/www.bellesimagesphotographies.com\/index.php\/wp-json\/wp\/v2\/comments?post=892"}],"version-history":[{"count":45,"href":"https:\/\/www.bellesimagesphotographies.com\/index.php\/wp-json\/wp\/v2\/pages\/892\/revisions"}],"predecessor-version":[{"id":9976,"href":"https:\/\/www.bellesimagesphotographies.com\/index.php\/wp-json\/wp\/v2\/pages\/892\/revisions\/9976"}],"wp:attachment":[{"href":"https:\/\/www.bellesimagesphotographies.com\/index.php\/wp-json\/wp\/v2\/media?parent=892"}],"curies":[{"name":"wp","href":"https:\/\/api.w.org\/{rel}","templated":true}]}}